{"id":10055,"date":"2023-09-20T11:03:31","date_gmt":"2023-09-20T11:03:31","guid":{"rendered":"https:\/\/bridge492.qodeinteractive.com\/?page_id=3"},"modified":"2025-01-27T16:13:37","modified_gmt":"2025-01-27T15:13:37","slug":"politique-de-confidentialite","status":"publish","type":"page","link":"https:\/\/www.teddyhorsewear.com\/fr\/politique-de-confidentialite\/","title":{"rendered":"Politique de confidentialit\u00e9"},"content":{"rendered":"\t\t<div data-elementor-type=\"wp-page\" data-elementor-id=\"10055\" class=\"elementor elementor-10055\">\n\t\t\t\t<div class=\"elementor-element elementor-element-533f7779 e-flex e-con-boxed parallax_section_no qode_elementor_container_no e-con e-parent\" data-id=\"533f7779\" data-element_type=\"container\" data-e-type=\"container\">\n\t\t\t\t\t<div class=\"e-con-inner\">\n\t\t\t\t<div class=\"elementor-element elementor-element-187b0df2 elementor-widget elementor-widget-text-editor\" data-id=\"187b0df2\" data-element_type=\"widget\" data-e-type=\"widget\" data-widget_type=\"text-editor.default\">\n\t\t\t\t<div class=\"elementor-widget-container\">\n\t\t\t\t\t\t\t\t\t<p>\u00a0<\/p><p><strong>Charte de confidentialit\u00e9 et de protection des donn\u00e9es personnelles<\/strong><\/p><p>La protection et la confidentialit\u00e9 des donn\u00e9es sont extr\u00eamement importantes pour notre soci\u00e9t\u00e9 Ultimate Concept . Nous en tenons compte dans toutes nos activit\u00e9s. Cette charte \u00e9nonce les principes et les lignes directrices pour la protection de vos donn\u00e9es personnelles et vous informe sur\u00a0:<\/p><ul><li>les donn\u00e9es personnelles que nous collectons et les raisons de cette collecte\u00a0;<\/li><li>la fa\u00e7on dont sont utilis\u00e9es ces donn\u00e9es personnelles\u00a0;<\/li><li>vos droits sur les donn\u00e9es personnelles vous concernant.<\/li><\/ul><p>\u00a0<\/p><p><strong>Qui contr\u00f4le vos donn\u00e9es personnelles\u00a0?<\/strong><\/p><p>Ultimate Concept contr\u00f4le les donn\u00e9es personnelles que vous nous communiquez et en est responsable conform\u00e9ment \u00e0 la loi sur la protection des donn\u00e9es en vigueur.<\/p><p>Vous pouvez contacter nous \u00e0 l\u2019adresse suivante\u00a0:\u00a0 Ultimate Concept Sarl 91 Rue du Faubourg St Honor\u00e9 75008 Paris<\/p><p>\u00a0<\/p><p><strong>Quelles donn\u00e9es personnelles sont utilis\u00e9es par Ultimate Concept ?<\/strong><\/p><p>Ultimate Concept s\u2019engage \u00e0 ne collecter que des donn\u00e9es strictement n\u00e9cessaires \u00e0 nos relations commerciales et d\u2019\u00e9change. Dans le cas o\u00f9 des donn\u00e9es facultatives vous seraient demand\u00e9es, nous vous informons clairement sur les donn\u00e9es personnelles n\u00e9cessaires et celles volontairement fournies par vos soins. Les donn\u00e9es personnelles sont collect\u00e9es directement aupr\u00e8s de vous et ne sont utilis\u00e9es que pour les usages qui ont \u00e9t\u00e9 port\u00e9s \u00e0 votre connaissance.<\/p><p>La s\u00e9curit\u00e9 des donn\u00e9es personnelles d\u00e9pend \u00e9galement des informations que vous nous communiquez. Si vous d\u00e9cidez de recevoir les informations de Ultimate Concept, vous vous engagez \u00e0 utiliser et \u00e0 nous communiquer une adresse email vous appartenant.<\/p><p>\u00a0<\/p><p><strong>Qui peut consulter ou utiliser vos donn\u00e9es\u00a0?<\/strong><\/p><p>Vos donn\u00e9es que vous nous fournissez de mani\u00e8re transparente ne servent qu\u2019\u00e0 Ultimate Concept et peuvent \u00eatre transmises au sein de la soci\u00e9t\u00e9 Ultimate Concept. Nous nous engageons \u00e0 ne jamais divulguer, louer ou c\u00e9der vos donn\u00e9es personnelles. Si des sous-traitants que nous employons peuvent \u00eatre amen\u00e9s \u00e0 traiter une partie de vos donn\u00e9es, alors c\u2019est uniquement pour le compte de Ultimate Concept, avec une obligation de confidentialit\u00e9 absolue et en accord avec nos instructions.<br \/>Nous ne transf\u00e9rons, ne commercialisons ou ne troquons en aucun cas vos donn\u00e9es \u00e0 des fins marketing \u00e0 des parties ext\u00e9rieures \u00e0 la soci\u00e9t\u00e9 Ultimate Concept.<\/p><p>\u00a0<\/p><p><strong>Quelles sont les conditions l\u00e9gales de traitement des donn\u00e9es\u00a0?<\/strong><\/p><p>Pour chaque traitement sp\u00e9cifique des donn\u00e9es personnelles que vous nous fournissez de mani\u00e8re transparente, nous vous indiquons si la fourniture des donn\u00e9es personnelles est obligatoire sur le plan juridique ou n\u00e9cessaire pour conclure un contrat et si c\u2019est une obligation de fournir des donn\u00e9es personnelles et quelles sont les cons\u00e9quences \u00e9ventuelles si vous choisissez de ne pas les communiquer.<\/p><p>\u00a0<\/p><p><strong>Quels types de cookies sont utilis\u00e9s sur le site de Ultimate Concept\u00a0?<\/strong><\/p><p>Nous utilisons des cookies sur notre site internet. Ce sont des cookies \u00ab\u00a0volatiles\u00a0\u00bb qui servent \u00e0 connaitre et m\u00e9moriser certains param\u00e8tres qui nous sont communiqu\u00e9s par votre ordinateur, pendant le temps de votre visite, pour savoir qui vous \u00eates -\u2013 gr\u00e2ce \u00e0 votre pseudo et votre mot de passe, quels modules du site vous consultez et quels produits vous \u00eates en train d\u2019acheter. Une fois vos achats termin\u00e9s, ces informations sont automatiquement effac\u00e9es.<\/p><p><strong>Quels sont vos droits concernant les donn\u00e9es personnelles\u00a0?<\/strong><\/p><p>\u00a0<\/p><ul><li><strong> Droit d\u2019acc\u00e8s<\/strong><\/li><\/ul><p>Vous avez le droit de demander des informations sur les donn\u00e9es personnelles que nous d\u00e9tenons vous concernant. Vous pouvez nous contacter Ultimate Concept, cf. l\u2019adresse ci-dessus. Nous vous transmettrons vos donn\u00e9es personnelles par e-mail.<\/p><p>\u00a0<\/p><ul><li><strong> Droit de portabilit\u00e9<\/strong><\/li><\/ul><p>Lorsque Ultimate Concept traite vos donn\u00e9es personnelles par voie automatis\u00e9e selon votre consentement ou un accord, vous avez le droit d\u2019obtenir une copie de vos donn\u00e9es transf\u00e9r\u00e9e \u00e0 vous ou \u00e0 une autre partie dans un format structur\u00e9 et courant. Cela ne concerne que les donn\u00e9es personnelles que vous nous avez transmises.<\/p><p>\u00a0<\/p><p>\u00a0<\/p><ul><li><strong> Droit de rectification<\/strong><\/li><\/ul><p>Vous avez le droit de demander la rectification de vos donn\u00e9es personnelles si elles sont inexactes, y compris pour compl\u00e9ter vos donn\u00e9es personnelles incompl\u00e8tes.<\/p><p>\u00a0<\/p><ul><li><strong> Droit de suppression<\/strong><\/li><\/ul><p>Vous avez le droit de supprimer toute donn\u00e9e personnelle trait\u00e9e par Ultimate Concept \u00e0 tout moment, sauf dans les situations suivantes qui rel\u00e8vent d\u2019une affaire en cours avec Ultimate Concept\u00a0:<\/p><ul><li>vous avez une prestation en cours qui n&rsquo;a pas encore \u00e9t\u00e9 r\u00e9alis\u00e9e ou qui a \u00e9t\u00e9 partiellement r\u00e9alis\u00e9e\u00a0;<\/li><li>vous avez des dettes aupr\u00e8s de Ultimate Concept SAS, quel que soit le mode de paiement\u00a0;<\/li><li>vous \u00eates suspect\u00e9(e) d&rsquo;avoir ou vous avez utilis\u00e9 nos services de fa\u00e7on frauduleuse\u00a0;<\/li><li>Vos dettes ont \u00e9t\u00e9 vendues \u00e0 un tiers au cours des trois derni\u00e8res ann\u00e9es ou au cours de l&rsquo;ann\u00e9e pass\u00e9e pour les clients d\u00e9c\u00e9d\u00e9s\u00a0;<\/li><\/ul><p>Si vous avez effectu\u00e9 un achat, nous conserverons vos donn\u00e9es personnelles en relation avec votre transaction dans le cadre du traitement comptable.<\/p><p>\u00a0<\/p><ul><li><strong> Votre droit de vous opposer au traitement de vos donn\u00e9es sur la base d&rsquo;un int\u00e9r\u00eat l\u00e9gitime<\/strong><\/li><\/ul><p>Vous avez le droit de vous opposer au traitement de vos donn\u00e9es personnelles sur la base d&rsquo;un int\u00e9r\u00eat l\u00e9gitime. Ultimate Concept cessera d&rsquo;utiliser vos donn\u00e9es personnelles \u00e0 moins que nous prouvions le bien-fond\u00e9 de l&rsquo;utilisation de vos donn\u00e9es qui supplante votre int\u00e9r\u00eat et vos droits ou pour des raisons juridiques.<\/p><p>\u00a0<\/p><ul><li><strong> Votre droit de vous opposer au marketing direct (e-mailing)<\/strong><\/li><\/ul><p>Vous avez le droit de vous opposer au marketing direct (utilisation d\u2019e-mailing commerciaux). Vous pouvez vous d\u00e9sinscrire des supports de marketing direct en suivant les instructions figurant en bas de chaque message marketing (se d\u00e9sinscrire)<\/p><p><strong>Pendant combien de temps Ultimate Concept conserve vos donn\u00e9es personnelles ?<\/strong><\/p><p>La dur\u00e9e de conservation de vos donn\u00e9es personnelles d\u00e9pend de nos relations commerciales. Nous nous engageons \u00e0 ne pas conserver vos donn\u00e9es personnelles au-del\u00e0 de la dur\u00e9e n\u00e9cessaire \u00e0 nos relations commerciales, augment\u00e9e de la dur\u00e9e de conservation impos\u00e9e par les r\u00e8gles applicables en mati\u00e8re de prescription l\u00e9gale.<\/p><p>\u00a0<\/p><p><strong>Comment exercer vos droits ?<\/strong><\/p><p>Nous prenons la protection des donn\u00e9es tr\u00e8s au s\u00e9rieux et nous nous engageons \u00e0 r\u00e9pondre \u00e0 vos questions concernant vos droits pr\u00e9cit\u00e9s. Vous pouvez contacter nous contacter \u00a0via le mail <a href=\"mailto:contact@ultimateconcept.fr\">contact@ultimateconcept.fr<\/a><\/p><p>\u00a0<\/p><p><strong>Droit de r\u00e9clamation<\/strong><\/p><p>Si vous estimez que Ultimate Concept utilise vos donn\u00e9es personnelles de fa\u00e7on inappropri\u00e9e, vous pouvez nous contacter.<\/p><p>\u00a0<\/p><p>RESPONSABLES DE LA PUBLICATION:<\/p><p>STE ULTIMATE CONCEPT SARL<\/p><p>91 RUE DU FG ST HONORE\u00a0 75008 PARIS<\/p><p>Registre du commerce: 481730174<br \/>Num\u00e9ro de TVA\u00a0:47481730174<\/p><p>Ce site internet a \u00e9t\u00e9 r\u00e9alis\u00e9 en utilisant la solution Woo commerce.<\/p><p>\u00a0<\/p><p>\u00a0<\/p><p>\u00a0<\/p>\t\t\t\t\t\t\t\t<\/div>\n\t\t\t\t<\/div>\n\t\t\t\t\t<\/div>\n\t\t\t\t<\/div>\n\t\t\t\t<\/div>\n\t\t","protected":false},"excerpt":{"rendered":"<p>\u00a0 Charte de confidentialit\u00e9 et de protection des donn\u00e9es personnelles La protection et la confidentialit\u00e9 des donn\u00e9es sont extr\u00eamement importantes pour notre soci\u00e9t\u00e9 Ultimate Concept . Nous en tenons compte dans toutes nos activit\u00e9s. Cette charte \u00e9nonce les principes et les lignes directrices pour la&#8230;<\/p>\n","protected":false},"author":1,"featured_media":0,"parent":0,"menu_order":0,"comment_status":"closed","ping_status":"closed","template":"","meta":{"footnotes":""},"class_list":["post-10055","page","type-page","status-publish","hentry"],"aioseo_notices":[],"_links":{"self":[{"href":"https:\/\/www.teddyhorsewear.com\/fr\/wp-json\/wp\/v2\/pages\/10055","targetHints":{"allow":["GET"]}}],"collection":[{"href":"https:\/\/www.teddyhorsewear.com\/fr\/wp-json\/wp\/v2\/pages"}],"about":[{"href":"https:\/\/www.teddyhorsewear.com\/fr\/wp-json\/wp\/v2\/types\/page"}],"author":[{"embeddable":true,"href":"https:\/\/www.teddyhorsewear.com\/fr\/wp-json\/wp\/v2\/users\/1"}],"replies":[{"embeddable":true,"href":"https:\/\/www.teddyhorsewear.com\/fr\/wp-json\/wp\/v2\/comments?post=10055"}],"version-history":[{"count":7,"href":"https:\/\/www.teddyhorsewear.com\/fr\/wp-json\/wp\/v2\/pages\/10055\/revisions"}],"predecessor-version":[{"id":13009,"href":"https:\/\/www.teddyhorsewear.com\/fr\/wp-json\/wp\/v2\/pages\/10055\/revisions\/13009"}],"wp:attachment":[{"href":"https:\/\/www.teddyhorsewear.com\/fr\/wp-json\/wp\/v2\/media?parent=10055"}],"curies":[{"name":"wp","href":"https:\/\/api.w.org\/{rel}","templated":true}]}}