{"id":10468,"date":"2024-04-03T16:14:47","date_gmt":"2024-04-03T16:14:47","guid":{"rendered":"https:\/\/www.teddyhorsewear.com\/?page_id=10468"},"modified":"2025-01-26T19:49:04","modified_gmt":"2025-01-26T18:49:04","slug":"nos-valeurs","status":"publish","type":"page","link":"https:\/\/www.teddyhorsewear.com\/fr\/nos-valeurs\/","title":{"rendered":"NOS VALEURS"},"content":{"rendered":"\t\t<div data-elementor-type=\"wp-page\" data-elementor-id=\"10468\" class=\"elementor elementor-10468\">\n\t\t\t\t<div class=\"elementor-element elementor-element-2d4e0e31 e-con-full e-flex parallax_section_no qode_elementor_container_no e-con e-parent\" data-id=\"2d4e0e31\" data-element_type=\"container\" data-e-type=\"container\">\n\t\t\t\t<div class=\"elementor-element elementor-element-181972f3 elementor-widget elementor-widget-bridge_image_gallery\" data-id=\"181972f3\" data-element_type=\"widget\" data-e-type=\"widget\" data-widget_type=\"bridge_image_gallery.default\">\n\t\t\t\t<div class=\"elementor-widget-container\">\n\t\t\t\t\t<div class=\"qode-image-gallery\"><div class=\"qode-image-gallery-inner\"><div class=\"qode-image-gallery-slides wpb_image_grid\" data-interval=\"\"data-control=&quot;false&quot;data-direction=&quot;false&quot;data-pause-on-hover=&quot;false&quot;data-drag=&quot;false&quot;><div class=\"gallery_holder\"><ul class=\"gallery_inner   v0\"><li class=\"no_grayscale\"><img decoding=\"async\" src=\"https:\/\/www.teddyhorsewear.com\/wp-content\/uploads\/2024\/12\/horse-head-in-box.jpeg\" \/><\/li><\/ul><\/div><\/div><\/div><\/div>\t\t\t\t<\/div>\n\t\t\t\t<\/div>\n\t\t\t\t<\/div>\n\t\t<div class=\"elementor-element elementor-element-53c2ed01 e-con-full qode_elementor_container_inner e-flex parallax_section_no e-con e-parent\" data-id=\"53c2ed01\" data-element_type=\"container\" data-e-type=\"container\">\n\t\t\t\t<div class=\"elementor-element elementor-element-5fcc96b1 elementor-widget elementor-widget-bridge_custom_font\" data-id=\"5fcc96b1\" data-element_type=\"widget\" data-e-type=\"widget\" data-widget_type=\"bridge_custom_font.default\">\n\t\t\t\t<div class=\"elementor-widget-container\">\n\t\t\t\t\t<div class=\"custom_font_holder \" style=\"font-family: &#039;tuesday night&#039;; font-style: normal; font-weight: 300; color: #F1E7E5; text-decoration: none; text-align: left; --qode-cf-font-size: 80px; --qode-cf-line-height: 260px; --qode-cf-font-size-1440: 80px; --qode-cf-line-height-1440: 260px; --qode-cf-font-size-1366: 80px; --qode-cf-line-height-1366: 260px; --qode-cf-font-size-1280: 80px; --qode-cf-line-height-1280: 260px; --qode-cf-font-size-1024: 80px; --qode-cf-line-height-1024: 260px; --qode-cf-font-size-768: 80px; --qode-cf-line-height-768: 260px; --qode-cf-font-size-680: 80px; --qode-cf-line-height-680: 260px; --qode-cf-font-size-480: 80px; --qode-cf-line-height-480: 260px;\">CARE<\/div>\t\t\t\t<\/div>\n\t\t\t\t<\/div>\n\t\t\t\t<div class=\"elementor-element elementor-element-754ac137 elementor-widget elementor-widget-text-editor\" data-id=\"754ac137\" data-element_type=\"widget\" data-e-type=\"widget\" data-widget_type=\"text-editor.default\">\n\t\t\t\t<div class=\"elementor-widget-container\">\n\t\t\t\t\t\t\t\t\t<h2>\u00a0<\/h2><h2>D\u00c9VELOPPEMENT DURABLE<\/h2>\t\t\t\t\t\t\t\t<\/div>\n\t\t\t\t<\/div>\n\t\t\t\t<div class=\"elementor-element elementor-element-8b11665 elementor-widget elementor-widget-spacer\" data-id=\"8b11665\" data-element_type=\"widget\" data-e-type=\"widget\" data-widget_type=\"spacer.default\">\n\t\t\t\t<div class=\"elementor-widget-container\">\n\t\t\t\t\t\t\t<div class=\"elementor-spacer\">\n\t\t\t<div class=\"elementor-spacer-inner\"><\/div>\n\t\t<\/div>\n\t\t\t\t\t\t<\/div>\n\t\t\t\t<\/div>\n\t\t\t\t<div class=\"elementor-element elementor-element-49386f7b elementor-widget elementor-widget-text-editor\" data-id=\"49386f7b\" data-element_type=\"widget\" data-e-type=\"widget\" data-widget_type=\"text-editor.default\">\n\t\t\t\t<div class=\"elementor-widget-container\">\n\t\t\t\t\t\t\t\t\t<p><strong>TEDDY HORSEWEAR<\/strong> a \u00e9t\u00e9 fond\u00e9e avec le d\u00e9sir de cr\u00e9er d&rsquo;excellents produits pour tous les cavaliers, en commen\u00e7ant par une collection de Tapis de <strong>Selle<\/strong>.<\/p><p>Nous avons de grandes ambitions en mati\u00e8re de durabilit\u00e9. Nous s\u00e9lectionnons soigneusement les mat\u00e9riaux appropri\u00e9s pour chaque produit afin qu&rsquo;il soit performant, \u00e0 la mode et durable. Il est de notre responsabilit\u00e9 de minimiser notre impact sur l&rsquo;environnement en analysant les diff\u00e9rents aspects de notre production.<\/p>\t\t\t\t\t\t\t\t<\/div>\n\t\t\t\t<\/div>\n\t\t\t\t<\/div>\n\t\t<div class=\"elementor-element elementor-element-4bfa578 e-con-full e-flex parallax_section_no qode_elementor_container_no e-con e-parent\" data-id=\"4bfa578\" data-element_type=\"container\" data-e-type=\"container\" data-settings=\"{&quot;background_background&quot;:&quot;classic&quot;}\">\n\t\t<div class=\"elementor-element elementor-element-4a9d21e2 e-con-full e-flex parallax_section_no qode_elementor_container_no e-con e-child\" data-id=\"4a9d21e2\" data-element_type=\"container\" data-e-type=\"container\">\n\t\t\t\t<div class=\"elementor-element elementor-element-64bbef6 elementor-widget elementor-widget-bridge_image_gallery\" data-id=\"64bbef6\" data-element_type=\"widget\" data-e-type=\"widget\" data-widget_type=\"bridge_image_gallery.default\">\n\t\t\t\t<div class=\"elementor-widget-container\">\n\t\t\t\t\t<div class=\"qode-image-gallery\"><div class=\"qode-image-gallery-inner\"><div class=\"qode-image-gallery-slides wpb_image_grid\" data-interval=\"\"data-control=&quot;false&quot;data-direction=&quot;false&quot;data-pause-on-hover=&quot;false&quot;data-drag=&quot;false&quot;><div class=\"gallery_holder\"><ul class=\"gallery_inner   v0\"><li class=\"no_grayscale\"><img decoding=\"async\" src=\"https:\/\/www.teddyhorsewear.com\/wp-content\/uploads\/2024\/05\/Coton-champ.jpg\" \/><\/li><\/ul><\/div><\/div><\/div><\/div>\t\t\t\t<\/div>\n\t\t\t\t<\/div>\n\t\t\t\t<\/div>\n\t\t<div class=\"elementor-element elementor-element-6db8277d e-con-full e-flex parallax_section_no qode_elementor_container_no e-con e-child\" data-id=\"6db8277d\" data-element_type=\"container\" data-e-type=\"container\" data-settings=\"{&quot;background_background&quot;:&quot;classic&quot;}\">\n\t\t\t\t<div class=\"elementor-element elementor-element-7d3ca4de elementor-widget elementor-widget-text-editor\" data-id=\"7d3ca4de\" data-element_type=\"widget\" data-e-type=\"widget\" data-widget_type=\"text-editor.default\">\n\t\t\t\t<div class=\"elementor-widget-container\">\n\t\t\t\t\t\t\t\t\t<h3 class=\"qodef-m-title\">NOS MATI\u00c8RES<\/h3>\t\t\t\t\t\t\t\t<\/div>\n\t\t\t\t<\/div>\n\t\t\t\t<div class=\"elementor-element elementor-element-627348e4 elementor-widget__width-initial elementor-widget elementor-widget-text-editor\" data-id=\"627348e4\" data-element_type=\"widget\" data-e-type=\"widget\" data-widget_type=\"text-editor.default\">\n\t\t\t\t<div class=\"elementor-widget-container\">\n\t\t\t\t\t\t\t\t\t<p>Nous atteignons les objectifs fondamentaux de notre entreprise :<\/p><p>une qualit\u00e9 excellente tout en \u00e9tant respectueux de l&rsquo;environnement.<\/p><p>Le coton est la fibre naturelle la plus produite au monde et elle est enti\u00e8rement biod\u00e9gradable.<\/p><p>Nous utilisons du cuir tann\u00e9 v\u00e9g\u00e9tal pour nos sacs et produits de toilettage, ainsi que des poils de cheval naturels pour nos brosses.<\/p>\t\t\t\t\t\t\t\t<\/div>\n\t\t\t\t<\/div>\n\t\t\t\t<\/div>\n\t\t\t\t<\/div>\n\t\t<div class=\"elementor-element elementor-element-353d74c0 e-con-full e-flex parallax_section_no qode_elementor_container_no e-con e-parent\" data-id=\"353d74c0\" data-element_type=\"container\" data-e-type=\"container\">\n\t\t<div class=\"elementor-element elementor-element-6b22e442 e-con-full e-flex parallax_section_no qode_elementor_container_no e-con e-child\" data-id=\"6b22e442\" data-element_type=\"container\" data-e-type=\"container\" data-settings=\"{&quot;background_background&quot;:&quot;classic&quot;}\">\n\t\t\t\t<div class=\"elementor-element elementor-element-41ca916 elementor-widget elementor-widget-text-editor\" data-id=\"41ca916\" data-element_type=\"widget\" data-e-type=\"widget\" data-widget_type=\"text-editor.default\">\n\t\t\t\t<div class=\"elementor-widget-container\">\n\t\t\t\t\t\t\t\t\t<h3 class=\"qodef-m-title\">SAVOIR-FAIRE<\/h3>\t\t\t\t\t\t\t\t<\/div>\n\t\t\t\t<\/div>\n\t\t\t\t<div class=\"elementor-element elementor-element-c9390b9 elementor-widget__width-initial elementor-widget elementor-widget-text-editor\" data-id=\"c9390b9\" data-element_type=\"widget\" data-e-type=\"widget\" data-widget_type=\"text-editor.default\">\n\t\t\t\t<div class=\"elementor-widget-container\">\n\t\t\t\t\t\t\t\t\t<p>Culture de l&rsquo; Artisanat Traditionnel<\/p>\t\t\t\t\t\t\t\t<\/div>\n\t\t\t\t<\/div>\n\t\t\t\t<\/div>\n\t\t<div class=\"elementor-element elementor-element-5e37c936 e-con-full e-flex parallax_section_no qode_elementor_container_no e-con e-child\" data-id=\"5e37c936\" data-element_type=\"container\" data-e-type=\"container\">\n\t\t\t\t<div class=\"elementor-element elementor-element-2fd4ca13 elementor-widget elementor-widget-bridge_image_gallery\" data-id=\"2fd4ca13\" data-element_type=\"widget\" data-e-type=\"widget\" data-widget_type=\"bridge_image_gallery.default\">\n\t\t\t\t<div class=\"elementor-widget-container\">\n\t\t\t\t\t<div class=\"qode-image-gallery\"><div class=\"qode-image-gallery-inner\"><div class=\"qode-image-gallery-slides wpb_image_grid\" data-interval=\"\"data-control=&quot;false&quot;data-direction=&quot;false&quot;data-pause-on-hover=&quot;false&quot;data-drag=&quot;false&quot;><div class=\"gallery_holder\"><ul class=\"gallery_inner   v0\"><li class=\"no_grayscale\"><img decoding=\"async\" src=\"https:\/\/www.teddyhorsewear.com\/wp-content\/uploads\/2024\/10\/rsmachine-a-coudre-cuir.jpg\" \/><\/li><\/ul><\/div><\/div><\/div><\/div>\t\t\t\t<\/div>\n\t\t\t\t<\/div>\n\t\t\t\t<\/div>\n\t\t\t\t<\/div>\n\t\t<div class=\"elementor-element elementor-element-71a15de6 e-con-full qode_elementor_container_inner e-flex parallax_section_no e-con e-parent\" data-id=\"71a15de6\" data-element_type=\"container\" data-e-type=\"container\">\n\t\t<div class=\"elementor-element elementor-element-4e0f0ea e-con-full e-flex parallax_section_no qode_elementor_container_no e-con e-child\" data-id=\"4e0f0ea\" data-element_type=\"container\" data-e-type=\"container\">\n\t\t\t\t<div class=\"elementor-element elementor-element-1a05b390 elementor-widget elementor-widget-bridge_icon_text\" data-id=\"1a05b390\" data-element_type=\"widget\" data-e-type=\"widget\" data-widget_type=\"bridge_icon_text.default\">\n\t\t\t\t<div class=\"elementor-widget-container\">\n\t\t\t\t\t<div class='q_icon_with_title tiny custom_icon_image center qode-iwt-content-alignment-center '><div class=\"icon_holder \" style=\" \"><img decoding=\"async\" src=\"https:\/\/www.teddyhorsewear.com\/wp-content\/uploads\/2021\/05\/p2-icon-04.png\" alt=\"t\"><\/div><div class=\"icon_text_holder\" style=\"\"><div class=\"icon_text_inner\" style=\"\"><h4 class=\"icon_title\" style=\"\">Secure Payment<\/h4><p style=''><\/p><\/div><\/div><\/div>\t\t\t\t<\/div>\n\t\t\t\t<\/div>\n\t\t\t\t<div class=\"elementor-element elementor-element-9add86b elementor-widget elementor-widget-heading\" data-id=\"9add86b\" data-element_type=\"widget\" data-e-type=\"widget\" data-widget_type=\"heading.default\">\n\t\t\t\t<div class=\"elementor-widget-container\">\n\t\t\t\t\t<h1 class=\"elementor-heading-title elementor-size-default\">Paiement s\u00e9curis\u00e9<\/h1>\t\t\t\t<\/div>\n\t\t\t\t<\/div>\n\t\t\t\t<\/div>\n\t\t<div class=\"elementor-element elementor-element-4ea7ace0 e-con-full e-flex parallax_section_no qode_elementor_container_no e-con e-child\" data-id=\"4ea7ace0\" data-element_type=\"container\" data-e-type=\"container\">\n\t\t\t\t<div class=\"elementor-element elementor-element-549a1058 elementor-widget elementor-widget-bridge_icon_text\" data-id=\"549a1058\" data-element_type=\"widget\" data-e-type=\"widget\" data-widget_type=\"bridge_icon_text.default\">\n\t\t\t\t<div class=\"elementor-widget-container\">\n\t\t\t\t\t<div class='q_icon_with_title tiny custom_icon_image center qode-iwt-content-alignment-center '><div class=\"icon_holder \" style=\" \"><img decoding=\"async\" src=\"https:\/\/www.teddyhorsewear.com\/wp-content\/uploads\/2021\/05\/p2-icon-05.png\" alt=\"t\"><\/div><div class=\"icon_text_holder\" style=\"\"><div class=\"icon_text_inner\" style=\"\"><h4 class=\"icon_title\" style=\"\">Worldwide Shipping<\/h4><p style=''><\/p><\/div><\/div><\/div>\t\t\t\t<\/div>\n\t\t\t\t<\/div>\n\t\t\t\t<div class=\"elementor-element elementor-element-87f02e1 elementor-widget elementor-widget-heading\" data-id=\"87f02e1\" data-element_type=\"widget\" data-e-type=\"widget\" data-widget_type=\"heading.default\">\n\t\t\t\t<div class=\"elementor-widget-container\">\n\t\t\t\t\t<h1 class=\"elementor-heading-title elementor-size-default\">Livraison Internationale<\/h1>\t\t\t\t<\/div>\n\t\t\t\t<\/div>\n\t\t\t\t<\/div>\n\t\t<div class=\"elementor-element elementor-element-515f92c6 e-con-full e-flex parallax_section_no qode_elementor_container_no e-con e-child\" data-id=\"515f92c6\" data-element_type=\"container\" data-e-type=\"container\">\n\t\t\t\t<div class=\"elementor-element elementor-element-365a0aaa elementor-widget elementor-widget-bridge_icon_text\" data-id=\"365a0aaa\" data-element_type=\"widget\" data-e-type=\"widget\" data-widget_type=\"bridge_icon_text.default\">\n\t\t\t\t<div class=\"elementor-widget-container\">\n\t\t\t\t\t<div class='q_icon_with_title tiny custom_icon_image center qode-iwt-content-alignment-center '><div class=\"icon_holder \" style=\" \"><img decoding=\"async\" src=\"https:\/\/www.teddyhorsewear.com\/wp-content\/uploads\/2021\/05\/p2-icon-03.png\" alt=\"t\"><\/div><div class=\"icon_text_holder\" style=\"\"><div class=\"icon_text_inner\" style=\"\"><h4 class=\"icon_title\" style=\"\">Recycled packaging<\/h4><p style=''><\/p><\/div><\/div><\/div>\t\t\t\t<\/div>\n\t\t\t\t<\/div>\n\t\t\t\t<div class=\"elementor-element elementor-element-d8e1a3f elementor-widget elementor-widget-heading\" data-id=\"d8e1a3f\" data-element_type=\"widget\" data-e-type=\"widget\" data-widget_type=\"heading.default\">\n\t\t\t\t<div class=\"elementor-widget-container\">\n\t\t\t\t\t<h1 class=\"elementor-heading-title elementor-size-default\">Emballage recycl\u00e9<\/h1>\t\t\t\t<\/div>\n\t\t\t\t<\/div>\n\t\t\t\t<\/div>\n\t\t\t\t<\/div>\n\t\t<div style=\"background-image: url(https:\/\/www.teddyhorsewear.com\/wp-content\/uploads\/2024\/12\/chevaux-dans-leurs-box.jpg);\" class=\"parallax_section_holder elementor-element elementor-element-181554fe e-con-full parallax_section_holder e-flex qode_elementor_container_no e-con e-parent\" data-speed=\"0\" data-id=\"181554fe\" data-element_type=\"container\" data-e-type=\"container\" data-settings=\"{&quot;qode_parallax_image&quot;:{&quot;url&quot;:&quot;https:\\\/\\\/www.teddyhorsewear.com\\\/wp-content\\\/uploads\\\/2024\\\/12\\\/chevaux-dans-leurs-box.jpg&quot;,&quot;id&quot;:13574,&quot;size&quot;:&quot;&quot;,&quot;alt&quot;:&quot;&quot;,&quot;source&quot;:&quot;library&quot;}}\">\n\t\t<div class=\"elementor-element elementor-element-6feee40 e-flex e-con-boxed parallax_section_no qode_elementor_container_no e-con e-child\" data-id=\"6feee40\" data-element_type=\"container\" data-e-type=\"container\">\n\t\t\t\t\t<div class=\"e-con-inner\">\n\t\t\t\t\t<\/div>\n\t\t\t\t<\/div>\n\t\t\t\t<div class=\"elementor-element elementor-element-b58f9bc elementor-widget__width-initial elementor-widget elementor-widget-image-box\" data-id=\"b58f9bc\" data-element_type=\"widget\" data-e-type=\"widget\" data-widget_type=\"image-box.default\">\n\t\t\t\t<div class=\"elementor-widget-container\">\n\t\t\t\t\t<div class=\"elementor-image-box-wrapper\"><div class=\"elementor-image-box-content\"><h3 class=\"elementor-image-box-title\">Respect des ressources<\/h3><p class=\"elementor-image-box-description\">Pour minimiser l'utilisation des ressources de la plan\u00e8te, <br>nous concevons des produits faits pour durer.<br> La long\u00e9vit\u00e9 est notre priorit\u00e9.<\/p><\/div><\/div>\t\t\t\t<\/div>\n\t\t\t\t<\/div>\n\t\t\t\t<\/div>\n\t\t<div class=\"elementor-element elementor-element-0ee0622 e-flex e-con-boxed parallax_section_no qode_elementor_container_no e-con e-parent\" data-id=\"0ee0622\" data-element_type=\"container\" data-e-type=\"container\">\n\t\t\t\t\t<div class=\"e-con-inner\">\n\t\t\t\t\t<\/div>\n\t\t\t\t<\/div>\n\t\t<div style=\"background-image: url(https:\/\/www.teddyhorsewear.com\/wp-content\/uploads\/2024\/04\/QH-Jan2020-paille-p19.jpg);\" class=\"parallax_section_holder elementor-element elementor-element-3f699421 e-con-full qode_elementor_container_inner parallax_section_holder e-flex e-con e-parent\" data-speed=\"0\" data-id=\"3f699421\" data-element_type=\"container\" data-e-type=\"container\" data-settings=\"{&quot;qode_parallax_image&quot;:{&quot;url&quot;:&quot;https:\\\/\\\/www.teddyhorsewear.com\\\/wp-content\\\/uploads\\\/2024\\\/04\\\/QH-Jan2020-paille-p19.jpg&quot;,&quot;id&quot;:10474,&quot;size&quot;:&quot;&quot;,&quot;alt&quot;:&quot;&quot;,&quot;source&quot;:&quot;library&quot;}}\">\n\t\t<div class=\"elementor-element elementor-element-309e76a e-flex e-con-boxed parallax_section_no qode_elementor_container_no e-con e-child\" data-id=\"309e76a\" data-element_type=\"container\" data-e-type=\"container\">\n\t\t\t\t\t<div class=\"e-con-inner\">\n\t\t\t\t<div class=\"elementor-element elementor-element-7c8f6eca elementor-widget elementor-widget-bridge_custom_font\" data-id=\"7c8f6eca\" data-element_type=\"widget\" data-e-type=\"widget\" data-widget_type=\"bridge_custom_font.default\">\n\t\t\t\t<div class=\"elementor-widget-container\">\n\t\t\t\t\t<div class=\"custom_font_holder \" style=\"font-family: &#039;tuesday night&#039;; font-style: normal; font-weight: 300; color: #F1E7E5; text-decoration: none; text-align: center; --qode-cf-font-size: 80px; --qode-cf-line-height: 260px; --qode-cf-font-size-1440: 80px; --qode-cf-line-height-1440: 260px; --qode-cf-font-size-1366: 80px; --qode-cf-line-height-1366: 260px; --qode-cf-font-size-1280: 80px; --qode-cf-line-height-1280: 260px; --qode-cf-font-size-1024: 80px; --qode-cf-line-height-1024: 260px; --qode-cf-font-size-768: 80px; --qode-cf-line-height-768: 260px; --qode-cf-font-size-680: 80px; --qode-cf-line-height-680: 260px; --qode-cf-font-size-480: 80px; --qode-cf-line-height-480: 260px;\">Nature<\/div>\t\t\t\t<\/div>\n\t\t\t\t<\/div>\n\t\t\t\t\t<\/div>\n\t\t\t\t<\/div>\n\t\t\t\t<\/div>\n\t\t<div class=\"elementor-element elementor-element-9300fba e-flex e-con-boxed parallax_section_no qode_elementor_container_no e-con e-parent\" data-id=\"9300fba\" data-element_type=\"container\" data-e-type=\"container\">\n\t\t\t\t\t<div class=\"e-con-inner\">\n\t\t\t\t\t<\/div>\n\t\t\t\t<\/div>\n\t\t\t\t<\/div>\n\t\t","protected":false},"excerpt":{"rendered":"<p>CARE \u00a0 D\u00c9VELOPPEMENT DURABLE TEDDY HORSEWEAR a \u00e9t\u00e9 fond\u00e9e avec le d\u00e9sir de cr\u00e9er d&rsquo;excellents produits pour tous les cavaliers, en commen\u00e7ant par une collection de Tapis de Selle. Nous avons de grandes ambitions en mati\u00e8re de durabilit\u00e9. Nous s\u00e9lectionnons soigneusement les mat\u00e9riaux appropri\u00e9s pour&#8230;<\/p>\n","protected":false},"author":1,"featured_media":0,"parent":0,"menu_order":0,"comment_status":"closed","ping_status":"closed","template":"","meta":{"footnotes":""},"class_list":["post-10468","page","type-page","status-publish","hentry"],"aioseo_notices":[],"_links":{"self":[{"href":"https:\/\/www.teddyhorsewear.com\/fr\/wp-json\/wp\/v2\/pages\/10468","targetHints":{"allow":["GET"]}}],"collection":[{"href":"https:\/\/www.teddyhorsewear.com\/fr\/wp-json\/wp\/v2\/pages"}],"about":[{"href":"https:\/\/www.teddyhorsewear.com\/fr\/wp-json\/wp\/v2\/types\/page"}],"author":[{"embeddable":true,"href":"https:\/\/www.teddyhorsewear.com\/fr\/wp-json\/wp\/v2\/users\/1"}],"replies":[{"embeddable":true,"href":"https:\/\/www.teddyhorsewear.com\/fr\/wp-json\/wp\/v2\/comments?post=10468"}],"version-history":[{"count":264,"href":"https:\/\/www.teddyhorsewear.com\/fr\/wp-json\/wp\/v2\/pages\/10468\/revisions"}],"predecessor-version":[{"id":13768,"href":"https:\/\/www.teddyhorsewear.com\/fr\/wp-json\/wp\/v2\/pages\/10468\/revisions\/13768"}],"wp:attachment":[{"href":"https:\/\/www.teddyhorsewear.com\/fr\/wp-json\/wp\/v2\/media?parent=10468"}],"curies":[{"name":"wp","href":"https:\/\/api.w.org\/{rel}","templated":true}]}}