{"id":3,"date":"2024-02-07T16:18:31","date_gmt":"2024-02-07T16:18:31","guid":{"rendered":"https:\/\/www.teddyhorsewear.com\/?page_id=3"},"modified":"2025-01-26T18:29:50","modified_gmt":"2025-01-26T17:29:50","slug":"conditions-generales","status":"publish","type":"page","link":"https:\/\/www.teddyhorsewear.com\/fr\/conditions-generales\/","title":{"rendered":"Conditions g\u00e9n\u00e9rales"},"content":{"rendered":"\t\t<div data-elementor-type=\"wp-page\" data-elementor-id=\"3\" class=\"elementor elementor-3\">\n\t\t\t\t<div class=\"elementor-element elementor-element-7bef57bc e-flex e-con-boxed parallax_section_no qode_elementor_container_no e-con e-parent\" data-id=\"7bef57bc\" data-element_type=\"container\" data-e-type=\"container\">\n\t\t\t\t\t<div class=\"e-con-inner\">\n\t\t\t\t<div class=\"elementor-element elementor-element-391bb245 elementor-widget elementor-widget-text-editor\" data-id=\"391bb245\" data-element_type=\"widget\" data-e-type=\"widget\" data-widget_type=\"text-editor.default\">\n\t\t\t\t<div class=\"elementor-widget-container\">\n\t\t\t\t\t\t\t\t\t<p>\u00a0<\/p>\n<p><strong>ARTICLE 1 &#8211; PRIX<\/strong><\/p>\n<ul>\n<li>Les prix de nos produits sont indiqu\u00e9s en EURO TTC (toutes taxes comprises).<\/li>\n<li>Toutes les commandes pass\u00e9es sur notre site sont payables en EURO.<\/li>\n<li>Les prix sont valables pour le mois en cours. Les produits seront factur\u00e9s sur la base des tarifs en vigueur au moment de l&rsquo;enregistrement des commandes, sous r\u00e9serve de disponibilit\u00e9 \u00e0 cette date.<\/li>\n<li>Clause de r\u00e9serve de propri\u00e9t\u00e9 : les produits demeurent la propri\u00e9t\u00e9 de ULTIMATE CONCEPT jusqu&rsquo;au complet encaissement du prix par ULTIMATE CONCEPT.<\/li>\n<\/ul>\n<p><strong>ARTICLE 2 &#8211; MODE DE REGLEMENT<\/strong><\/p>\n<p>Nous acceptons les paiements par carte bancaire, soit directement sur le site en paiement s\u00e9curis\u00e9. ULTIMATE CONCEPT confie le paiement s\u00e9curis\u00e9 \u00e0 plusieurs prestataires ind\u00e9pendants et sp\u00e9cialis\u00e9s (en France et \u00e0 l\u2019\u00e9tranger). Nous acceptons aussi les ch\u00e8ques Fran\u00e7ais en Euros et les mandats.<br \/>Pour certains pays seuls les mandats et virements sont accept\u00e9s. Les \u00e9ventuels frais de virement bancaire sont \u00e0 la charge du client.<\/p>\n<p><strong>ARTICLE 3 &#8211; LIVRAISON<\/strong><\/p>\n<ul>\n<li><strong>Disponibilit\u00e9 des produits :<\/strong>\u00a0Les produits sont pour la plupart en stock, donc imm\u00e9diatement disponibles. En cas de rupture momentan\u00e9e, et pour les produits non stock\u00e9s, l&rsquo;information \u00ab\u00a0Article disponible en moins de X jours\u00a0\u00bb vous indique le d\u00e9lai maximum pour que le produit arrive \u00e0 notre entrep\u00f4t.<\/li>\n<li><strong>D\u00e9lai de livraison :<\/strong>\u00a0Le d\u00e9lai de livraison d\u00e9pend ensuite du mode d&rsquo;envoi que vous allez choisir, et du pays de destination. Ce d\u00e9lai vous est indiqu\u00e9 avant la validation de votre commande.<\/li>\n<li>ULTIMATE CONCEPT ne pourra \u00eatre tenu pour responsable des retards dus \u00e0 des mouvements de gr\u00e8ve des services postaux ou autres impond\u00e9rables pr\u00e9vus par la l\u00e9gislation sur le transport de biens et de marchandises.<\/li>\n<li><strong>Frais d&rsquo;envois :<\/strong>\u00a0Nos accords avec des transporteurs internationaux nous permettent de proposer des frais d&rsquo;envois r\u00e9duits pour des exp\u00e9ditions dans le monde entier. Ils sont calcul\u00e9s automatiquement en fonction du poids de votre commande.<br \/>Pour l&rsquo;\u00e9tranger, les co\u00fbts d&rsquo;exp\u00e9dition sont calcul\u00e9s automatiquement et apparaissent sur le bon de commande en fonction du poids total de votre commande.<\/li>\n<li><strong>Taxes Douani\u00e8res :<\/strong>\u00a0Les taxes de douane ou d&rsquo;importation sont dues d\u00e8s que le colis atteint son pays de destination. Vous devez vous acquitter des \u00e9ventuelles taxes suppl\u00e9mentaires de d\u00e9douanement. Nous n&rsquo;avons aucun contr\u00f4le sur ces taxes et ne pouvons les pr\u00e9voir, les politiques douani\u00e8res variant fortement d&rsquo;un pays \u00e0 l&rsquo;autre. Veuillez contacter votre bureau des douanes local pour de plus amples informations.<\/li>\n<\/ul>\n<p><strong>ARTICLE 4 &#8211; SERVICE CLIENTELE<\/strong><\/p>\n<p>Pour toute information ou question, notre service client\u00e8le est \u00e0 votre disposition<br \/>&#8211; par e-mail : <a href=\"mailto:contact@teddyhorsewear.com\">contact@teddyhorsewear.com<\/a><\/p>\n<p><strong>ARTICLE 5 &#8211; SATISFAIT OU REMBOURSE<\/strong><\/p>\n<p>Conform\u00e9ment \u00e0 la l\u00e9gislation en vigueur, vous disposez d&rsquo;un d\u00e9lai de 7 jours (date de r\u00e9ception) pour demander l&rsquo;\u00e9change ou le remboursement de votre commande \u00e0 l&rsquo;adresse suivante :<br \/>ULTIMATE CONCEPT<br \/>Service clients les Montres Russes<br \/>91 rue du Faubourg Saint Honor\u00e9<br \/>75008 Paris<br \/><strong>[ Attention : cette adresse n&rsquo;est pas un point de vente ]<\/strong><\/p>\n<p><strong>\u00a0<\/strong><strong>ARTICLE 6 &#8211; INFORMATIONS NOMINATIVES<\/strong><\/p>\n<p>ULTIMATE CONCEPT s&rsquo;engage \u00e0 ne pas divulguer \u00e0 des tiers les informations que vous nous communiquez. Celles-ci sont confidentielles. Elles ne seront utilis\u00e9es par ses services internes que pour le traitement de votre commande et pour renforcer et personnaliser la communication et l&rsquo;offre produits r\u00e9serv\u00e9s aux clients, notamment par la newsletter de ULTIMATE CONCEPT. Le pr\u00e9sent article ne pourra emp\u00eacher la cession globale de la soci\u00e9t\u00e9 ni le transfert d&rsquo;activit\u00e9s \u00e0 un tiers.<br \/>En cons\u00e9quence, conform\u00e9ment \u00e0 la loi informatique et libert\u00e9s du 6 janvier 1978, vous disposez d&rsquo;un droit d&rsquo;acc\u00e8s, de rectification et d&rsquo;opposition aux donn\u00e9es personnelles vous concernant.<br \/>Pour cela il suffit de nous en faire la demande en ligne ou par courrier en nous indiquant vos nom, pr\u00e9nom, adresse et si possible votre r\u00e9f\u00e9rence client :<br \/>&#8211; par e-mail : service.clients@teddyhorsewear.com<br \/>&#8211; par courrier :<br \/>ULTIMATE CONCEPT<br \/>91 rue du Faubourg Saint Honor\u00e9<br \/>75008 Paris<br \/><strong>[ Attention : cette adresse n&rsquo;est pas un point de vente ]<\/strong><\/p>\n<p><strong>\u00a0<\/strong><strong>ARTICLE 7 &#8211; PROPRIETE INTELLECTUELLE<\/strong><\/p>\n<p>Tous les textes, commentaires, ouvrages, illustrations et images reproduits sur les sites \u00e9dit\u00e9s par ULTIMATE CONCEPT sont r\u00e9serv\u00e9s au titre du droit d&rsquo;auteur ainsi qu&rsquo;au titre de la propri\u00e9t\u00e9 intellectuelle et pour le monde entier. A ce titre et conform\u00e9ment aux dispositions du Code de la Propri\u00e9t\u00e9 Intellectuelle, seule est autoris\u00e9e l&rsquo;utilisation pour un usage priv\u00e9 sous r\u00e9serve de dispositions diff\u00e9rentes voire plus restrictives du code de la propri\u00e9t\u00e9 intellectuelle. Toute autre utilisation est constitutive de contrefa\u00e7on et sanctionn\u00e9e au titre de la Propri\u00e9t\u00e9 Intellectuelle sauf autorisation pr\u00e9alable de ULTIMATE CONCEPT. Toute reproduction totale ou partielle des sites \u00e9dit\u00e9s par ULTIMATE CONCEPT est strictement interdite.<\/p>\n<p><strong>ARTICLE 8 &#8211; LITIGES<\/strong><\/p>\n<p>Le pr\u00e9sent contrat est soumis \u00e0 la loi fran\u00e7aise.<br \/>Tout r\u00e8glement de litige peut \u00eatre fait aupr\u00e8s de notre service client par mail : contact@teddyhorsewear.com<br \/>et par courrier :<br \/>ULTIMATE CONCEPT<br \/>91 rue du Faubourg Saint Honor\u00e9<br \/>75008 Paris<br \/><strong>[ Attention : cette adresse n&rsquo;est pas un point de vente ]<\/strong><br \/>et \u00e0 d\u00e9faut d&rsquo;un r\u00e8glement amiable, il sera de la comp\u00e9tence d&rsquo;un tribunal fran\u00e7ais<\/p>\n<p><strong>ARTICLE 9 &#8211; ENGAGEMENT DU CLIENT<\/strong><\/p>\n<p>Lorsque sur le module de commande vous validez votre achat, vous d\u00e9clarez accepter son contenu ainsi que les conditions g\u00e9n\u00e9rales de vente de ULTIMATE CONCEPT qui sont r\u00e9gies par le droit fran\u00e7ais.<br \/>Ces pr\u00e9sentes conditions g\u00e9n\u00e9rales de vente sont r\u00e9gies par le droit fran\u00e7ais et peuvent \u00eatre modifi\u00e9es \u00e0 tout moment sans pr\u00e9avis.<\/p>\n<p>\u00a0<\/p>\n<p>\u00a0<\/p>\t\t\t\t\t\t\t\t<\/div>\n\t\t\t\t<\/div>\n\t\t\t\t\t<\/div>\n\t\t\t\t<\/div>\n\t\t\t\t<\/div>\n\t\t","protected":false},"excerpt":{"rendered":"<p>\u00a0 ARTICLE 1 &#8211; PRIX Les prix de nos produits sont indiqu\u00e9s en EURO TTC (toutes taxes comprises). Toutes les commandes pass\u00e9es sur notre site sont payables en EURO. Les prix sont valables pour le mois en cours. Les produits seront factur\u00e9s sur la base&#8230;<\/p>\n","protected":false},"author":1,"featured_media":0,"parent":0,"menu_order":0,"comment_status":"closed","ping_status":"closed","template":"","meta":{"footnotes":""},"class_list":["post-3","page","type-page","status-publish","hentry"],"aioseo_notices":[],"_links":{"self":[{"href":"https:\/\/www.teddyhorsewear.com\/fr\/wp-json\/wp\/v2\/pages\/3","targetHints":{"allow":["GET"]}}],"collection":[{"href":"https:\/\/www.teddyhorsewear.com\/fr\/wp-json\/wp\/v2\/pages"}],"about":[{"href":"https:\/\/www.teddyhorsewear.com\/fr\/wp-json\/wp\/v2\/types\/page"}],"author":[{"embeddable":true,"href":"https:\/\/www.teddyhorsewear.com\/fr\/wp-json\/wp\/v2\/users\/1"}],"replies":[{"embeddable":true,"href":"https:\/\/www.teddyhorsewear.com\/fr\/wp-json\/wp\/v2\/comments?post=3"}],"version-history":[{"count":26,"href":"https:\/\/www.teddyhorsewear.com\/fr\/wp-json\/wp\/v2\/pages\/3\/revisions"}],"predecessor-version":[{"id":13006,"href":"https:\/\/www.teddyhorsewear.com\/fr\/wp-json\/wp\/v2\/pages\/3\/revisions\/13006"}],"wp:attachment":[{"href":"https:\/\/www.teddyhorsewear.com\/fr\/wp-json\/wp\/v2\/media?parent=3"}],"curies":[{"name":"wp","href":"https:\/\/api.w.org\/{rel}","templated":true}]}}