{"id":9532,"date":"2023-09-28T13:47:11","date_gmt":"2023-09-28T13:47:11","guid":{"rendered":"https:\/\/bridge492.qodeinteractive.com\/?page_id=9532"},"modified":"2026-03-10T15:47:37","modified_gmt":"2026-03-10T14:47:37","slug":"notre-histoire","status":"publish","type":"page","link":"https:\/\/www.teddyhorsewear.com\/fr\/notre-histoire\/","title":{"rendered":"NOTRE HISTOIRE"},"content":{"rendered":"\t\t<div data-elementor-type=\"wp-page\" data-elementor-id=\"9532\" class=\"elementor elementor-9532\">\n\t\t\t\t<div class=\"elementor-element elementor-element-7e98b08 e-con-full e-flex parallax_section_no qode_elementor_container_no e-con e-parent\" data-id=\"7e98b08\" data-element_type=\"container\" data-e-type=\"container\" data-settings=\"{&quot;background_background&quot;:&quot;classic&quot;}\">\n\t\t\t\t<div class=\"elementor-element elementor-element-76aca07 elementor-widget elementor-widget-spacer\" data-id=\"76aca07\" data-element_type=\"widget\" data-e-type=\"widget\" data-widget_type=\"spacer.default\">\n\t\t\t\t<div class=\"elementor-widget-container\">\n\t\t\t\t\t\t\t<div class=\"elementor-spacer\">\n\t\t\t<div class=\"elementor-spacer-inner\"><\/div>\n\t\t<\/div>\n\t\t\t\t\t\t<\/div>\n\t\t\t\t<\/div>\n\t\t\t\t<\/div>\n\t\t<div class=\"elementor-element elementor-element-c2abf7c e-con-full e-flex parallax_section_no qode_elementor_container_no e-con e-parent\" data-id=\"c2abf7c\" data-element_type=\"container\" data-e-type=\"container\" data-settings=\"{&quot;background_background&quot;:&quot;classic&quot;}\">\n\t\t\t\t<div class=\"elementor-element elementor-element-e891239 elementor-widget elementor-widget-heading\" data-id=\"e891239\" data-element_type=\"widget\" data-e-type=\"widget\" data-widget_type=\"heading.default\">\n\t\t\t\t<div class=\"elementor-widget-container\">\n\t\t\t\t\t<h2 class=\"elementor-heading-title elementor-size-default\">\u2013 SPIRIT &amp; VALUES \u2013<\/h2>\t\t\t\t<\/div>\n\t\t\t\t<\/div>\n\t\t\t\t<div class=\"elementor-element elementor-element-6b1e075 elementor-widget elementor-widget-heading\" data-id=\"6b1e075\" data-element_type=\"widget\" data-e-type=\"widget\" data-widget_type=\"heading.default\">\n\t\t\t\t<div class=\"elementor-widget-container\">\n\t\t\t\t\t<h2 class=\"elementor-heading-title elementor-size-default\">Equestrian<\/h2>\t\t\t\t<\/div>\n\t\t\t\t<\/div>\n\t\t\t\t<div class=\"elementor-element elementor-element-6c8805f elementor-widget elementor-widget-heading\" data-id=\"6c8805f\" data-element_type=\"widget\" data-e-type=\"widget\" data-widget_type=\"heading.default\">\n\t\t\t\t<div class=\"elementor-widget-container\">\n\t\t\t\t\t<h2 class=\"elementor-heading-title elementor-size-default\">Handmade with love\n <\/h2>\t\t\t\t<\/div>\n\t\t\t\t<\/div>\n\t\t\t\t<\/div>\n\t\t<div class=\"elementor-element elementor-element-0adef38 e-flex e-con-boxed parallax_section_no qode_elementor_container_no e-con e-parent\" data-id=\"0adef38\" data-element_type=\"container\" data-e-type=\"container\">\n\t\t\t\t\t<div class=\"e-con-inner\">\n\t\t<div class=\"elementor-element elementor-element-6ed7c23 e-con-full e-flex parallax_section_no qode_elementor_container_no e-con e-child\" data-id=\"6ed7c23\" data-element_type=\"container\" data-e-type=\"container\">\n\t\t\t\t<div class=\"elementor-element elementor-element-25e375e0 elementor-widget elementor-widget-bridge_image_gallery\" data-id=\"25e375e0\" data-element_type=\"widget\" data-e-type=\"widget\" data-widget_type=\"bridge_image_gallery.default\">\n\t\t\t\t<div class=\"elementor-widget-container\">\n\t\t\t\t\t<div class=\"qode-image-gallery\"><div class=\"qode-image-gallery-inner\"><div class=\"qode-image-gallery-slides wpb_image_grid\" data-interval=\"\"data-control=&quot;false&quot;data-direction=&quot;false&quot;data-pause-on-hover=&quot;false&quot;data-drag=&quot;false&quot;><div class=\"gallery_holder\"><ul class=\"gallery_inner   v0\"><li class=\"no_grayscale\"><img decoding=\"async\" src=\"https:\/\/www.teddyhorsewear.com\/wp-content\/uploads\/2024\/04\/country-house-normandy.jpg\" \/><\/li><\/ul><\/div><\/div><\/div><\/div>\t\t\t\t<\/div>\n\t\t\t\t<\/div>\n\t\t\t\t<\/div>\n\t\t<div class=\"elementor-element elementor-element-573118f e-con-full e-flex parallax_section_no qode_elementor_container_no e-con e-child\" data-id=\"573118f\" data-element_type=\"container\" data-e-type=\"container\">\n\t\t\t\t<div class=\"elementor-element elementor-element-4139d96 elementor-widget elementor-widget-text-editor\" data-id=\"4139d96\" data-element_type=\"widget\" data-e-type=\"widget\" data-widget_type=\"text-editor.default\">\n\t\t\t\t<div class=\"elementor-widget-container\">\n\t\t\t\t\t\t\t\t\t<p><strong>Teddy HorseWear<\/strong> a \u00e9t\u00e9 cr\u00e9\u00e9 en 2024 par deux cavali\u00e8res au parcours ancr\u00e9 dans l&rsquo;univers du luxe et de la mode.<\/p><p>Passionn\u00e9es d\u2019\u00e9quitation, elles ont d\u00e9cid\u00e9 de lancer leur propre marque \u00e9questre. Anim\u00e9es par un esprit nostalgique et authentique, leur inspiration les a men\u00e9es \u00e0 concevoir des tapis de selle et des accessoires pour chevaux.<\/p><p>Mais pourquoi <em>Teddy HorseWear<\/em> ? L\u2019enfance en est la raison. Qui n&rsquo;a pas en m\u00e9moire notre cher Teddy, portant fi\u00e8rement un n\u0153ud autour du cou ?<\/p><p>Notre atelier est install\u00e9 au c\u0153ur du Calvados, une terre d&rsquo;\u00e9levage de chevaux de race Selle Fran\u00e7ais .<\/p>\t\t\t\t\t\t\t\t<\/div>\n\t\t\t\t<\/div>\n\t\t\t\t<\/div>\n\t\t\t\t\t<\/div>\n\t\t\t\t<\/div>\n\t\t<div class=\"elementor-element elementor-element-08b0617 e-flex e-con-boxed parallax_section_no qode_elementor_container_no e-con e-parent\" data-id=\"08b0617\" data-element_type=\"container\" data-e-type=\"container\">\n\t\t\t\t\t<div class=\"e-con-inner\">\n\t\t<div class=\"elementor-element elementor-element-d8b4835 e-con-full e-flex parallax_section_no qode_elementor_container_no e-con e-child\" data-id=\"d8b4835\" data-element_type=\"container\" data-e-type=\"container\">\n\t\t\t\t<div class=\"elementor-element elementor-element-8664977 elementor-widget elementor-widget-heading\" data-id=\"8664977\" data-element_type=\"widget\" data-e-type=\"widget\" data-widget_type=\"heading.default\">\n\t\t\t\t<div class=\"elementor-widget-container\">\n\t\t\t\t\t<h2 class=\"elementor-heading-title elementor-size-default\">NORMANDIE, terre d' EXCELLENCE \u00c9questre<\/h2>\t\t\t\t<\/div>\n\t\t\t\t<\/div>\n\t\t\t\t<div class=\"elementor-element elementor-element-0a4d3aa elementor-widget elementor-widget-text-editor\" data-id=\"0a4d3aa\" data-element_type=\"widget\" data-e-type=\"widget\" data-widget_type=\"text-editor.default\">\n\t\t\t\t<div class=\"elementor-widget-container\">\n\t\t\t\t\t\t\t\t\t<p>Gr\u00e2ce \u00e0 sa culture, son histoire et son territoire, la Normandie est, par essence, une r\u00e9gion d&rsquo;exception pour les chevaux.<\/p>\t\t\t\t\t\t\t\t<\/div>\n\t\t\t\t<\/div>\n\t\t\t\t<\/div>\n\t\t\t\t\t<\/div>\n\t\t\t\t<\/div>\n\t\t<div class=\"elementor-element elementor-element-e764f63 e-con-full e-flex parallax_section_no qode_elementor_container_no e-con e-parent\" data-id=\"e764f63\" data-element_type=\"container\" data-e-type=\"container\">\n\t\t<div class=\"elementor-element elementor-element-f7abda7 e-con-full e-flex parallax_section_no qode_elementor_container_no e-con e-child\" data-id=\"f7abda7\" data-element_type=\"container\" data-e-type=\"container\" data-settings=\"{&quot;background_background&quot;:&quot;classic&quot;}\">\n\t\t\t\t<div class=\"elementor-element elementor-element-d7eac0a elementor-widget elementor-widget-spacer\" data-id=\"d7eac0a\" data-element_type=\"widget\" data-e-type=\"widget\" data-widget_type=\"spacer.default\">\n\t\t\t\t<div class=\"elementor-widget-container\">\n\t\t\t\t\t\t\t<div class=\"elementor-spacer\">\n\t\t\t<div class=\"elementor-spacer-inner\"><\/div>\n\t\t<\/div>\n\t\t\t\t\t\t<\/div>\n\t\t\t\t<\/div>\n\t\t\t\t<div class=\"elementor-element elementor-element-e8b558d elementor-widget elementor-widget-text-editor\" data-id=\"e8b558d\" data-element_type=\"widget\" data-e-type=\"widget\" data-widget_type=\"text-editor.default\">\n\t\t\t\t<div class=\"elementor-widget-container\">\n\t\t\t\t\t\t\t\t\t<p>Guid\u00e9e par la Passion<\/p>\t\t\t\t\t\t\t\t<\/div>\n\t\t\t\t<\/div>\n\t\t\t\t<div class=\"elementor-element elementor-element-9a7fa23 elementor-widget elementor-widget-text-editor\" data-id=\"9a7fa23\" data-element_type=\"widget\" data-e-type=\"widget\" data-widget_type=\"text-editor.default\">\n\t\t\t\t<div class=\"elementor-widget-container\">\n\t\t\t\t\t\t\t\t\t<p>Nous vous pr\u00e9sentons la magnifique Grive de Canon, notre Top model !.<\/p>\t\t\t\t\t\t\t\t<\/div>\n\t\t\t\t<\/div>\n\t\t\t\t<div class=\"elementor-element elementor-element-9d4cd5b elementor-widget elementor-widget-text-editor\" data-id=\"9d4cd5b\" data-element_type=\"widget\" data-e-type=\"widget\" data-widget_type=\"text-editor.default\">\n\t\t\t\t<div class=\"elementor-widget-container\">\n\t\t\t\t\t\t\t\t\t<p>La marque Teddy HorseWear est n\u00e9e en Normandie, le lieu id\u00e9al pour la cr\u00e9ativit\u00e9 \u00e9questre.<\/p><p>Nous collaborons avec des artisans locaux.<\/p>\t\t\t\t\t\t\t\t<\/div>\n\t\t\t\t<\/div>\n\t\t\t\t<\/div>\n\t\t<div class=\"elementor-element elementor-element-7489b0c e-con-full e-flex parallax_section_no qode_elementor_container_no e-con e-child\" data-id=\"7489b0c\" data-element_type=\"container\" data-e-type=\"container\">\n\t\t\t\t<div class=\"elementor-element elementor-element-12e791c8 elementor-widget__width-initial elementor-widget elementor-widget-bridge_image_gallery\" data-id=\"12e791c8\" data-element_type=\"widget\" data-e-type=\"widget\" data-widget_type=\"bridge_image_gallery.default\">\n\t\t\t\t<div class=\"elementor-widget-container\">\n\t\t\t\t\t<div class=\"qode-image-gallery\"><div class=\"qode-image-gallery-inner\"><div class=\"qode-image-gallery-slides wpb_image_grid\" data-interval=\"\"data-control=&quot;false&quot;data-direction=&quot;false&quot;data-pause-on-hover=&quot;false&quot;data-drag=&quot;false&quot;><div class=\"gallery_holder\"><ul class=\"gallery_inner   v0\"><li class=\"no_grayscale\"><img decoding=\"async\" src=\"https:\/\/www.teddyhorsewear.com\/wp-content\/uploads\/2024\/04\/unnamed.jpg\" \/><\/li><\/ul><\/div><\/div><\/div><\/div>\t\t\t\t<\/div>\n\t\t\t\t<\/div>\n\t\t\t\t<\/div>\n\t\t\t\t<\/div>\n\t\t<div class=\"elementor-element elementor-element-48b0000 e-con-full e-flex parallax_section_no qode_elementor_container_no e-con e-parent\" data-id=\"48b0000\" data-element_type=\"container\" data-e-type=\"container\" data-settings=\"{&quot;background_background&quot;:&quot;classic&quot;}\">\n\t\t<div class=\"elementor-element elementor-element-6c7cca0 e-con-full e-flex parallax_section_no qode_elementor_container_no e-con e-child\" data-id=\"6c7cca0\" data-element_type=\"container\" data-e-type=\"container\">\n\t\t\t\t<\/div>\n\t\t<div class=\"elementor-element elementor-element-339e702 e-con-full e-flex parallax_section_no qode_elementor_container_no e-con e-child\" data-id=\"339e702\" data-element_type=\"container\" data-e-type=\"container\">\n\t\t\t\t<div class=\"elementor-element elementor-element-c15e313 elementor-widget elementor-widget-image-box\" data-id=\"c15e313\" data-element_type=\"widget\" data-e-type=\"widget\" data-widget_type=\"image-box.default\">\n\t\t\t\t<div class=\"elementor-widget-container\">\n\t\t\t\t\t<div class=\"elementor-image-box-wrapper\"><div class=\"elementor-image-box-content\"><h3 class=\"elementor-image-box-title\">XO TEAM TEDDY HORSE WEAR<\/h3><p class=\"elementor-image-box-description\">Fond\u00e9e et dirig\u00e9e par une \u00e9quipe passionn\u00e9e par la cr\u00e9ativit\u00e9 et la qualit\u00e9 durable, nous nous effor\u00e7ons de cr\u00e9er des classiques intemporels et responsables.<\/p><\/div><\/div>\t\t\t\t<\/div>\n\t\t\t\t<\/div>\n\t\t\t\t<\/div>\n\t\t<div class=\"elementor-element elementor-element-ea37223 e-con-full e-flex parallax_section_no qode_elementor_container_no e-con e-child\" data-id=\"ea37223\" data-element_type=\"container\" data-e-type=\"container\">\n\t\t\t\t<\/div>\n\t\t\t\t<\/div>\n\t\t<div class=\"elementor-element elementor-element-3ed8f85 e-con-full e-flex parallax_section_no qode_elementor_container_no e-con e-parent\" data-id=\"3ed8f85\" data-element_type=\"container\" data-e-type=\"container\" data-settings=\"{&quot;background_background&quot;:&quot;classic&quot;}\">\n\t\t\t\t<div class=\"elementor-element elementor-element-bfffc03 elementor-widget elementor-widget-heading\" data-id=\"bfffc03\" data-element_type=\"widget\" data-e-type=\"widget\" data-widget_type=\"heading.default\">\n\t\t\t\t<div class=\"elementor-widget-container\">\n\t\t\t\t\t<h2 class=\"elementor-heading-title elementor-size-default\">\u2013 SPIRIT &amp; VALUES \u2013<\/h2>\t\t\t\t<\/div>\n\t\t\t\t<\/div>\n\t\t\t\t<div class=\"elementor-element elementor-element-66dfc5c elementor-widget elementor-widget-heading\" data-id=\"66dfc5c\" data-element_type=\"widget\" data-e-type=\"widget\" data-widget_type=\"heading.default\">\n\t\t\t\t<div class=\"elementor-widget-container\">\n\t\t\t\t\t<h2 class=\"elementor-heading-title elementor-size-default\">Collection<\/h2>\t\t\t\t<\/div>\n\t\t\t\t<\/div>\n\t\t\t\t<div class=\"elementor-element elementor-element-8773a8b elementor-widget elementor-widget-heading\" data-id=\"8773a8b\" data-element_type=\"widget\" data-e-type=\"widget\" data-widget_type=\"heading.default\">\n\t\t\t\t<div class=\"elementor-widget-container\">\n\t\t\t\t\t<h2 class=\"elementor-heading-title elementor-size-default\">For HORSE LOVERS<\/h2>\t\t\t\t<\/div>\n\t\t\t\t<\/div>\n\t\t\t\t<div class=\"elementor-element elementor-element-a30685c elementor-arrows-position-inside elementor-widget elementor-widget-image-carousel\" data-id=\"a30685c\" data-element_type=\"widget\" data-e-type=\"widget\" data-settings=\"{&quot;slides_to_show&quot;:&quot;4&quot;,&quot;slides_to_scroll&quot;:&quot;1&quot;,&quot;navigation&quot;:&quot;arrows&quot;,&quot;autoplay&quot;:&quot;yes&quot;,&quot;pause_on_hover&quot;:&quot;yes&quot;,&quot;pause_on_interaction&quot;:&quot;yes&quot;,&quot;autoplay_speed&quot;:5000,&quot;infinite&quot;:&quot;yes&quot;,&quot;speed&quot;:500,&quot;image_spacing_custom&quot;:{&quot;unit&quot;:&quot;px&quot;,&quot;size&quot;:20,&quot;sizes&quot;:[]},&quot;image_spacing_custom_tablet&quot;:{&quot;unit&quot;:&quot;px&quot;,&quot;size&quot;:&quot;&quot;,&quot;sizes&quot;:[]},&quot;image_spacing_custom_mobile&quot;:{&quot;unit&quot;:&quot;px&quot;,&quot;size&quot;:&quot;&quot;,&quot;sizes&quot;:[]}}\" data-widget_type=\"image-carousel.default\">\n\t\t\t\t<div class=\"elementor-widget-container\">\n\t\t\t\t\t\t\t<div class=\"elementor-image-carousel-wrapper swiper\" role=\"region\" aria-roledescription=\"carousel\" aria-label=\"Image Carousel\" dir=\"ltr\">\n\t\t\t<div class=\"elementor-image-carousel swiper-wrapper\" aria-live=\"off\">\n\t\t\t\t\t\t\t\t<div class=\"swiper-slide\" role=\"group\" aria-roledescription=\"slide\" aria-label=\"1 sur 7\"><figure class=\"swiper-slide-inner\"><img decoding=\"async\" class=\"swiper-slide-image\" src=\"https:\/\/www.teddyhorsewear.com\/wp-content\/uploads\/2024\/05\/rsteddyhorsewear-ourstory-300x200.jpg\" alt=\"rsteddyhorsewear-ourstory\" \/><\/figure><\/div><div class=\"swiper-slide\" role=\"group\" aria-roledescription=\"slide\" aria-label=\"2 sur 7\"><figure class=\"swiper-slide-inner\"><img decoding=\"async\" class=\"swiper-slide-image\" src=\"https:\/\/www.teddyhorsewear.com\/wp-content\/uploads\/2024\/05\/teddyhorsewear-horse-eye-values-300x210.jpg\" alt=\"teddyhorsewear-horse-eye-values\" \/><\/figure><\/div><div class=\"swiper-slide\" role=\"group\" aria-roledescription=\"slide\" aria-label=\"3 sur 7\"><figure class=\"swiper-slide-inner\"><img decoding=\"async\" class=\"swiper-slide-image\" src=\"https:\/\/www.teddyhorsewear.com\/wp-content\/uploads\/2024\/05\/69655238_m_normal_none-300x206.jpg\" alt=\"69655238_m_normal_none\" \/><\/figure><\/div><div class=\"swiper-slide\" role=\"group\" aria-roledescription=\"slide\" aria-label=\"4 sur 7\"><figure class=\"swiper-slide-inner\"><img decoding=\"async\" class=\"swiper-slide-image\" src=\"https:\/\/www.teddyhorsewear.com\/wp-content\/uploads\/2024\/05\/38419724_m_normal_none-300x200.jpg\" alt=\"38419724_m_normal_none\" \/><\/figure><\/div><div class=\"swiper-slide\" role=\"group\" aria-roledescription=\"slide\" aria-label=\"5 sur 7\"><figure class=\"swiper-slide-inner\"><img decoding=\"async\" class=\"swiper-slide-image\" src=\"https:\/\/www.teddyhorsewear.com\/wp-content\/uploads\/2024\/05\/teddyhorsewear-horse-ourworld-300x200.jpg\" alt=\"teddyhorsewear-horse-ourworld\" \/><\/figure><\/div><div class=\"swiper-slide\" role=\"group\" aria-roledescription=\"slide\" aria-label=\"6 sur 7\"><figure class=\"swiper-slide-inner\"><img decoding=\"async\" class=\"swiper-slide-image\" src=\"https:\/\/www.teddyhorsewear.com\/wp-content\/uploads\/2026\/03\/redim-300x200.jpg\" alt=\"redim\" \/><\/figure><\/div><div class=\"swiper-slide\" role=\"group\" aria-roledescription=\"slide\" aria-label=\"7 sur 7\"><figure class=\"swiper-slide-inner\"><img decoding=\"async\" class=\"swiper-slide-image\" src=\"https:\/\/www.teddyhorsewear.com\/wp-content\/uploads\/2026\/03\/rs-300x200.jpg\" alt=\"rs\" \/><\/figure><\/div>\t\t\t<\/div>\n\t\t\t\t\t\t\t\t\t\t\t\t<div class=\"elementor-swiper-button elementor-swiper-button-prev\" role=\"button\" tabindex=\"0\">\n\t\t\t\t\t\t<svg aria-hidden=\"true\" class=\"e-font-icon-svg e-eicon-chevron-left\" viewBox=\"0 0 1000 1000\" xmlns=\"http:\/\/www.w3.org\/2000\/svg\"><path d=\"M646 125C629 125 613 133 604 142L308 442C296 454 292 471 292 487 292 504 296 521 308 533L604 854C617 867 629 875 646 875 663 875 679 871 692 858 704 846 713 829 713 812 713 796 708 779 692 767L438 487 692 225C700 217 708 204 708 187 708 171 704 154 692 142 675 129 663 125 646 125Z\"><\/path><\/svg>\t\t\t\t\t<\/div>\n\t\t\t\t\t<div class=\"elementor-swiper-button elementor-swiper-button-next\" role=\"button\" tabindex=\"0\">\n\t\t\t\t\t\t<svg aria-hidden=\"true\" class=\"e-font-icon-svg e-eicon-chevron-right\" viewBox=\"0 0 1000 1000\" xmlns=\"http:\/\/www.w3.org\/2000\/svg\"><path d=\"M696 533C708 521 713 504 713 487 713 471 708 454 696 446L400 146C388 133 375 125 354 125 338 125 325 129 313 142 300 154 292 171 292 187 292 204 296 221 308 233L563 492 304 771C292 783 288 800 288 817 288 833 296 850 308 863 321 871 338 875 354 875 371 875 388 867 400 854L696 533Z\"><\/path><\/svg>\t\t\t\t\t<\/div>\n\t\t\t\t\n\t\t\t\t\t\t\t\t\t<\/div>\n\t\t\t\t\t\t<\/div>\n\t\t\t\t<\/div>\n\t\t\t\t<div class=\"elementor-element elementor-element-c84e9ab elementor-widget elementor-widget-html\" data-id=\"c84e9ab\" data-element_type=\"widget\" data-e-type=\"widget\" data-widget_type=\"html.default\">\n\t\t\t\t<div class=\"elementor-widget-container\">\n\t\t\t\t\t<style>\n    \n    .page-id-9532 .content > .content_inner > .container, .page-id-9532 .content > .content_inner > .full_width {\n    background-color: transparent !important;\n}\n<\/style>\t\t\t\t<\/div>\n\t\t\t\t<\/div>\n\t\t\t\t<\/div>\n\t\t\t\t<\/div>\n\t\t","protected":false},"excerpt":{"rendered":"<p>\u2013 SPIRIT &amp; VALUES \u2013 Equestrian Handmade with love Teddy HorseWear a \u00e9t\u00e9 cr\u00e9\u00e9 en 2024 par deux cavali\u00e8res au parcours ancr\u00e9 dans l&rsquo;univers du luxe et de la mode. Passionn\u00e9es d\u2019\u00e9quitation, elles ont d\u00e9cid\u00e9 de lancer leur propre marque \u00e9questre. Anim\u00e9es par un esprit&#8230;<\/p>\n","protected":false},"author":1,"featured_media":0,"parent":0,"menu_order":0,"comment_status":"closed","ping_status":"closed","template":"full_width.php","meta":{"footnotes":""},"class_list":["post-9532","page","type-page","status-publish","hentry"],"aioseo_notices":[],"_links":{"self":[{"href":"https:\/\/www.teddyhorsewear.com\/fr\/wp-json\/wp\/v2\/pages\/9532","targetHints":{"allow":["GET"]}}],"collection":[{"href":"https:\/\/www.teddyhorsewear.com\/fr\/wp-json\/wp\/v2\/pages"}],"about":[{"href":"https:\/\/www.teddyhorsewear.com\/fr\/wp-json\/wp\/v2\/types\/page"}],"author":[{"embeddable":true,"href":"https:\/\/www.teddyhorsewear.com\/fr\/wp-json\/wp\/v2\/users\/1"}],"replies":[{"embeddable":true,"href":"https:\/\/www.teddyhorsewear.com\/fr\/wp-json\/wp\/v2\/comments?post=9532"}],"version-history":[{"count":398,"href":"https:\/\/www.teddyhorsewear.com\/fr\/wp-json\/wp\/v2\/pages\/9532\/revisions"}],"predecessor-version":[{"id":14305,"href":"https:\/\/www.teddyhorsewear.com\/fr\/wp-json\/wp\/v2\/pages\/9532\/revisions\/14305"}],"wp:attachment":[{"href":"https:\/\/www.teddyhorsewear.com\/fr\/wp-json\/wp\/v2\/media?parent=9532"}],"curies":[{"name":"wp","href":"https:\/\/api.w.org\/{rel}","templated":true}]}}