{"id":12113,"date":"2024-10-21T15:30:24","date_gmt":"2024-10-21T15:30:24","guid":{"rendered":"https:\/\/www.teddyhorsewear.com\/?post_type=product&#038;p=12113"},"modified":"2026-03-09T16:41:06","modified_gmt":"2026-03-09T15:41:06","slug":"teddy-two-saddlepad","status":"publish","type":"product","link":"https:\/\/www.teddyhorsewear.com\/fr\/produit\/teddy-two-saddlepad\/","title":{"rendered":"TEDDY TWO"},"content":{"rendered":"<p>Pourquoi craquer pour lui ?<\/p>\n<p>\u2714 Design Iconique \u2013 Ce tapis de selle incarne l\u2019\u00e9l\u00e9gance et la signature de notre marque avec son noeud brod\u00e9.<br \/>\n\u2714 Couleur\u00a0 \u2013 Une teinte douce, apportant s\u00e9r\u00e9nit\u00e9 et raffinement \u00e0 votre \u00e9quipement.<br \/>\n\u2714 Qualit\u00e9 Sup\u00e9rieure \u2013 Confectionn\u00e9 en coton de haute qualit\u00e9, il offre confort et respirabilit\u00e9 pour votre cheval.<br \/>\n\u2714 Esprit Harmonieux \u2013 L\u2019imprim\u00e9 \u00e9l\u00e9gant, soigneusement dessin\u00e9, refl\u00e8te les valeurs de la marque.<br \/>\n\u2714 Polyvalent et Performant \u2013 Parfait pour le dressage, le saut d\u2019obstacles ou les sorties quotidiennes.<\/p>\n<p>Mod\u00e8le\u00a0 TEDDY\u00a0 TWO<\/p>\n<p>Tapis de selle \u00a0\u00bb LES INTEMPORELS \u00a0\u00bb<\/p>\n<p>Pochette Etui pour tapis de selle en Toile de Jute ( 75 Cm X 56 Cm)<\/p>\n<p>&nbsp;<\/p>\n","protected":false},"excerpt":{"rendered":"<p>TAPIS DE SELLE TEDDY TWO\u00a0 COLLECTION LES INTEMPORELS \u00ab\u00a0THE TEDDY &lsquo;S\u00a0\u00bb<\/p>\n<p>D\u00e9couvrez le mod\u00e8le iconique de notre marque. Fabriqu\u00e9 en coton de haute qualit\u00e9, l&rsquo;imprim\u00e9 incarne l\u2019esprit et les valeurs de notre marque.<\/p>\n<p>Le noeud brod\u00e9 symbole de la marque TeddyHorsewear apporte une touche d\u00e9licate et \u00e9l\u00e9gante, signifiant l&rsquo;authenticit\u00e9 et l\u2019excellence de notre savoir-faire.<\/p>\n<p>Ce tapis allie \u00e0 la perfection confort, esth\u00e9tique et performance, pour accompagner chaque cavalier dans ses moments les plus nobles.<\/p>\n<p>Un v\u00e9ritable must-have de la collection, con\u00e7u pour ceux qui recherchent un style intemporel et un confort incomparable.<\/p>\n<p>&nbsp;<\/p>\n","protected":false},"featured_media":12802,"comment_status":"closed","ping_status":"closed","template":"","meta":[],"product_brand":[],"product_cat":[53,101],"product_tag":[31,63],"class_list":{"0":"post-12113","1":"product","2":"type-product","3":"status-publish","4":"has-post-thumbnail","6":"product_cat-tapis-de-selle","7":"product_cat-les-intemporels","8":"product_tag-cadeau","9":"product_tag-tapis-de-selle","11":"first","12":"instock","13":"taxable","14":"shipping-taxable","15":"purchasable","16":"product-type-simple"},"aioseo_notices":[],"_links":{"self":[{"href":"https:\/\/www.teddyhorsewear.com\/fr\/wp-json\/wp\/v2\/product\/12113","targetHints":{"allow":["GET"]}}],"collection":[{"href":"https:\/\/www.teddyhorsewear.com\/fr\/wp-json\/wp\/v2\/product"}],"about":[{"href":"https:\/\/www.teddyhorsewear.com\/fr\/wp-json\/wp\/v2\/types\/product"}],"replies":[{"embeddable":true,"href":"https:\/\/www.teddyhorsewear.com\/fr\/wp-json\/wp\/v2\/comments?post=12113"}],"wp:featuredmedia":[{"embeddable":true,"href":"https:\/\/www.teddyhorsewear.com\/fr\/wp-json\/wp\/v2\/media\/12802"}],"wp:attachment":[{"href":"https:\/\/www.teddyhorsewear.com\/fr\/wp-json\/wp\/v2\/media?parent=12113"}],"wp:term":[{"taxonomy":"product_brand","embeddable":true,"href":"https:\/\/www.teddyhorsewear.com\/fr\/wp-json\/wp\/v2\/product_brand?post=12113"},{"taxonomy":"product_cat","embeddable":true,"href":"https:\/\/www.teddyhorsewear.com\/fr\/wp-json\/wp\/v2\/product_cat?post=12113"},{"taxonomy":"product_tag","embeddable":true,"href":"https:\/\/www.teddyhorsewear.com\/fr\/wp-json\/wp\/v2\/product_tag?post=12113"}],"curies":[{"name":"wp","href":"https:\/\/api.w.org\/{rel}","templated":true}]}}