{"id":14183,"date":"2025-11-26T18:36:30","date_gmt":"2025-11-26T17:36:30","guid":{"rendered":"https:\/\/www.teddyhorsewear.com\/?post_type=product&#038;p=14183"},"modified":"2026-03-09T16:42:28","modified_gmt":"2026-03-09T15:42:28","slug":"tedberry","status":"publish","type":"product","link":"https:\/\/www.teddyhorsewear.com\/fr\/produit\/tedberry\/","title":{"rendered":"TEDBERRY"},"content":{"rendered":"<p>Pourquoi vous allez craquer pour le TEDBERRY ?<\/p>\n<p>\u2714 <strong data-start=\"181\" data-end=\"201\">Style intemporel<\/strong> \u2013 Motif \u00e0 carreaux chic dans des tons beige, brun et rouge, pour un look \u00e9l\u00e9gant et raffin\u00e9.<br data-start=\"294\" data-end=\"297\" \/>\u2714 <strong data-start=\"299\" data-end=\"319\">Finition soign\u00e9e<\/strong> \u2013 Bordure d\u00e9licate en double cordon cr\u00e8me et cuir tress\u00e9 , n\u0153ud brod\u00e9 qui apporte une signature unique.<br data-start=\"402\" data-end=\"405\" \/>\u2714 <strong data-start=\"407\" data-end=\"425\">Confort absolu<\/strong> \u2013 Capitonnage moelleux pour le bien-\u00eatre de votre cheval.<br data-start=\"483\" data-end=\"486\" \/>\u2714 <strong data-start=\"488\" data-end=\"518\">Polyvalence et performance<\/strong> \u2013 Parfait pour l\u2019entra\u00eenement quotidien comme pour les sorties plus habill\u00e9es.<\/p>\n<p>MOD\u00c8LE TEDBERRY<\/p>\n<p>TAPIS DE SELLE Collection Automne\/hiver 2025<\/p>\n<p>Coton\u00a0 75 % polyester 25 %<\/p>\n<p>Pochette en Toile de Jute pour le rangement de votre tapis de selle ( 75 cm x 56 cm)<\/p>\n","protected":false},"excerpt":{"rendered":"<h3 data-start=\"111\" data-end=\"178\"><\/h3>\n<p><strong>COLLECTION A\/H 2025\u00a0 LE TEDBERRY\u00a0 \u00a0<\/strong><\/p>\n<p data-start=\"179\" data-end=\"528\">Le <strong data-start=\"207\" data-end=\"219\">TedBerry<\/strong> allie \u00e9l\u00e9gance et raffinement gr\u00e2ce \u00e0 son motif \u00e0 carreaux classique aux nuances de beige, brun et rouge, pour un style intemporel et chic.<\/p>\n<p data-start=\"179\" data-end=\"528\">Son <strong data-start=\"364\" data-end=\"388\">capitonnage moelleux<\/strong> garantit un confort optimal pour le cheval, tandis que <strong>le cordon en cuir tr\u00e9ss\u00e9 sur la bordure\u00a0 <\/strong>apporte une touche de sophistication suppl\u00e9mentaire.<\/p>\n<p data-start=\"530\" data-end=\"871\">Le n\u0153ud brod\u00e9 couleur cr\u00e8me ajoute une signature unique \u00e0 ce mod\u00e8le, qui combine parfaitement <strong data-start=\"633\" data-end=\"642\">style<\/strong>, <strong data-start=\"644\" data-end=\"658\">durabilit\u00e9<\/strong> et <strong data-start=\"662\" data-end=\"680\">fonctionnalit\u00e9<\/strong>.<\/p>\n<p data-start=\"530\" data-end=\"871\">Con\u00e7u pour les cavaliers qui souhaitent un look \u00e9l\u00e9gant sans compromettre la performance.<\/p>\n","protected":false},"featured_media":14212,"comment_status":"open","ping_status":"closed","template":"","meta":[],"product_brand":[],"product_cat":[53,101],"product_tag":[],"class_list":{"0":"post-14183","1":"product","2":"type-product","3":"status-publish","4":"has-post-thumbnail","6":"product_cat-tapis-de-selle","7":"product_cat-les-intemporels","9":"first","10":"instock","11":"taxable","12":"shipping-taxable","13":"purchasable","14":"product-type-simple"},"aioseo_notices":[],"_links":{"self":[{"href":"https:\/\/www.teddyhorsewear.com\/fr\/wp-json\/wp\/v2\/product\/14183","targetHints":{"allow":["GET"]}}],"collection":[{"href":"https:\/\/www.teddyhorsewear.com\/fr\/wp-json\/wp\/v2\/product"}],"about":[{"href":"https:\/\/www.teddyhorsewear.com\/fr\/wp-json\/wp\/v2\/types\/product"}],"replies":[{"embeddable":true,"href":"https:\/\/www.teddyhorsewear.com\/fr\/wp-json\/wp\/v2\/comments?post=14183"}],"wp:featuredmedia":[{"embeddable":true,"href":"https:\/\/www.teddyhorsewear.com\/fr\/wp-json\/wp\/v2\/media\/14212"}],"wp:attachment":[{"href":"https:\/\/www.teddyhorsewear.com\/fr\/wp-json\/wp\/v2\/media?parent=14183"}],"wp:term":[{"taxonomy":"product_brand","embeddable":true,"href":"https:\/\/www.teddyhorsewear.com\/fr\/wp-json\/wp\/v2\/product_brand?post=14183"},{"taxonomy":"product_cat","embeddable":true,"href":"https:\/\/www.teddyhorsewear.com\/fr\/wp-json\/wp\/v2\/product_cat?post=14183"},{"taxonomy":"product_tag","embeddable":true,"href":"https:\/\/www.teddyhorsewear.com\/fr\/wp-json\/wp\/v2\/product_tag?post=14183"}],"curies":[{"name":"wp","href":"https:\/\/api.w.org\/{rel}","templated":true}]}}