{"id":14213,"date":"2025-11-28T15:25:33","date_gmt":"2025-11-28T14:25:33","guid":{"rendered":"https:\/\/www.teddyhorsewear.com\/?post_type=product&#038;p=14213"},"modified":"2025-11-28T19:13:15","modified_gmt":"2025-11-28T18:13:15","slug":"hunter","status":"publish","type":"product","link":"https:\/\/www.teddyhorsewear.com\/fr\/produit\/hunter\/","title":{"rendered":"HUNTER"},"content":{"rendered":"<p>Pourquoi vous allez craquer pour le HUNTER ?<\/p>\n<p>\u2714 <strong data-start=\"181\" data-end=\"201\">Style intemporel<\/strong> \u2013 Motif \u00e0 carreaux gentleman farmer dans des tons vert et marron.<br data-start=\"294\" data-end=\"297\" \/>\u2714 <strong data-start=\"299\" data-end=\"319\">Finition soign\u00e9e<\/strong> \u2013 Bordure d\u00e9licate en double cordon marron et cuir tress\u00e9 , n\u0153ud brod\u00e9 qui apporte une signature unique.<br data-start=\"402\" data-end=\"405\" \/>\u2714 <strong data-start=\"407\" data-end=\"425\">Confort absolu<\/strong> \u2013 Capitonnage moelleux pour le bien-\u00eatre de votre cheval.<br data-start=\"483\" data-end=\"486\" \/>\u2714 <strong data-start=\"488\" data-end=\"518\">Polyvalence et performance<\/strong> \u2013 Parfait pour l\u2019entra\u00eenement quotidien comme pour les sorties en for\u00eat.<\/p>\n<p>MOD\u00c8LE HUNTER<\/p>\n<p>TAPIS DE SELLE Collection Automne\/hiver 2025<\/p>\n<p>Coton\u00a0 75 % polyester 25 %<\/p>\n<p>Pochette en Toile de Jute pour le rangement de votre tapis de selle ( 75 cm x 56 cm)<\/p>\n","protected":false},"excerpt":{"rendered":"<h3 data-start=\"111\" data-end=\"178\"><\/h3>\n<p><strong>COLLECTION A\/H 2025\u00a0 LE HUNTER\u00a0 \u00a0<\/strong><\/p>\n<p data-start=\"171\" data-end=\"311\">Le <strong data-start=\"174\" data-end=\"184\">Hunter<\/strong> est un tapis de selle qui capture l\u2019esprit <strong data-start=\"228\" data-end=\"247\">chasse et for\u00eat<\/strong>, avec des tons verts et marron \u00e9voquant parfaitement l\u2019hiver.<\/p>\n<p data-start=\"313\" data-end=\"460\">Son <strong data-start=\"317\" data-end=\"345\">motif \u00e0 carreaux \u00e9l\u00e9gant<\/strong> et sa <strong data-start=\"352\" data-end=\"411\">bordure raffin\u00e9e en double cordon marron et cuir tress\u00e9<\/strong> apportent \u00e0 la fois <strong data-start=\"432\" data-end=\"457\">style et authenticit\u00e9<\/strong>.<\/p>\n<p data-start=\"462\" data-end=\"684\">Pens\u00e9 pour le <strong data-start=\"476\" data-end=\"497\">confort du cheval<\/strong>, son <strong data-start=\"503\" data-end=\"527\">capitonnage moelleux<\/strong> offre une assise agr\u00e9able et une protection optimale, que ce soit pour des <strong data-start=\"603\" data-end=\"634\">balades hivernales en for\u00eat<\/strong><\/p>\n<p data-start=\"462\" data-end=\"684\">ou des <strong data-start=\"642\" data-end=\"681\">s\u00e9ances d\u2019entra\u00eenement quotidiennes<\/strong>.<\/p>\n<p data-start=\"530\" data-end=\"871\">\n","protected":false},"featured_media":14228,"comment_status":"open","ping_status":"closed","template":"","meta":[],"product_brand":[],"product_cat":[53,101],"product_tag":[],"class_list":{"0":"post-14213","1":"product","2":"type-product","3":"status-publish","4":"has-post-thumbnail","6":"product_cat-tapis-de-selle","7":"product_cat-les-intemporels","9":"first","10":"instock","11":"taxable","12":"shipping-taxable","13":"purchasable","14":"product-type-simple"},"aioseo_notices":[],"_links":{"self":[{"href":"https:\/\/www.teddyhorsewear.com\/fr\/wp-json\/wp\/v2\/product\/14213","targetHints":{"allow":["GET"]}}],"collection":[{"href":"https:\/\/www.teddyhorsewear.com\/fr\/wp-json\/wp\/v2\/product"}],"about":[{"href":"https:\/\/www.teddyhorsewear.com\/fr\/wp-json\/wp\/v2\/types\/product"}],"replies":[{"embeddable":true,"href":"https:\/\/www.teddyhorsewear.com\/fr\/wp-json\/wp\/v2\/comments?post=14213"}],"wp:featuredmedia":[{"embeddable":true,"href":"https:\/\/www.teddyhorsewear.com\/fr\/wp-json\/wp\/v2\/media\/14228"}],"wp:attachment":[{"href":"https:\/\/www.teddyhorsewear.com\/fr\/wp-json\/wp\/v2\/media?parent=14213"}],"wp:term":[{"taxonomy":"product_brand","embeddable":true,"href":"https:\/\/www.teddyhorsewear.com\/fr\/wp-json\/wp\/v2\/product_brand?post=14213"},{"taxonomy":"product_cat","embeddable":true,"href":"https:\/\/www.teddyhorsewear.com\/fr\/wp-json\/wp\/v2\/product_cat?post=14213"},{"taxonomy":"product_tag","embeddable":true,"href":"https:\/\/www.teddyhorsewear.com\/fr\/wp-json\/wp\/v2\/product_tag?post=14213"}],"curies":[{"name":"wp","href":"https:\/\/api.w.org\/{rel}","templated":true}]}}