{"id":14231,"date":"2025-11-28T15:37:47","date_gmt":"2025-11-28T14:37:47","guid":{"rendered":"https:\/\/www.teddyhorsewear.com\/?post_type=product&#038;p=14231"},"modified":"2026-03-09T16:41:48","modified_gmt":"2026-03-09T15:41:48","slug":"christmas-berry","status":"publish","type":"product","link":"https:\/\/www.teddyhorsewear.com\/fr\/produit\/christmas-berry\/","title":{"rendered":"CHRISTMAS BERRY"},"content":{"rendered":"<h3 data-start=\"98\" data-end=\"173\">Le cadeau parfait pour les F\u00eates \u2013 vous allez adorer ce mod\u00e8le unique !<\/h3>\n<p data-start=\"175\" data-end=\"741\">\u2714 <strong data-start=\"177\" data-end=\"201\">Esprit festif &amp; chic<\/strong> \u2013 Rouge profond et lumineux, associ\u00e9 au c\u00e9l\u00e8bre motif \u00e0 carreaux fa\u00e7on TedBerry pour un look \u00e9l\u00e9gant et r\u00e9solument No\u00ebl.<br data-start=\"322\" data-end=\"325\" \/>\u2714 <strong data-start=\"327\" data-end=\"347\">Finition soign\u00e9e<\/strong> \u2013 Bordure raffin\u00e9e \u00e0 carreaux et n\u0153ud d\u00e9coratif dor\u00e9 qui apporte une touche magique et unique.<br data-start=\"442\" data-end=\"445\" \/>\u2714 <strong data-start=\"447\" data-end=\"465\">Confort absolu<\/strong> \u2013 Capitonnage moelleux pour un soutien optimal et le bien-\u00eatre de votre cheval, m\u00eame en hiver.<br data-start=\"560\" data-end=\"563\" \/>\u2714 <strong data-start=\"565\" data-end=\"589\">Polyvalence et style<\/strong> \u2013 Parfait pour les s\u00e9ances d\u2019entra\u00eenement de d\u00e9cembre, les sorties festives ou simplement pour ajouter une touche de f\u00e9erie \u00e0 votre quotidien \u00e9questre.<\/p>\n<h3 data-start=\"748\" data-end=\"776\">MOD\u00c8LE CHRISTMAS BERRY<\/h3>\n<p data-start=\"777\" data-end=\"824\"><strong data-start=\"777\" data-end=\"824\">TAPIS DE SELLE \u2013 \u00c9dition Sp\u00e9ciale No\u00ebl 2025<\/strong><\/p>\n<ul data-start=\"826\" data-end=\"982\">\n<li data-start=\"826\" data-end=\"881\">\n<p data-start=\"828\" data-end=\"881\"><strong data-start=\"828\" data-end=\"845\">Composition :<\/strong> Satin 80 % polyester \u2013 20 % coton<\/p>\n<\/li>\n<li data-start=\"882\" data-end=\"982\">\n<p data-start=\"884\" data-end=\"982\"><strong data-start=\"884\" data-end=\"907\">Accessoire inclus :<\/strong> Pochette en toile de jute pour le rangement de votre tapis (75 cm x 56 cm)<\/p>\n<\/li>\n<\/ul>\n<p data-start=\"175\" data-end=\"741\">\n","protected":false},"excerpt":{"rendered":"<h3 data-start=\"109\" data-end=\"171\">\u00c9dition Sp\u00e9ciale No\u00ebl \u2013 Tapis de Selle <strong data-start=\"152\" data-end=\"171\">Christmas Berry<\/strong><\/h3>\n<p data-start=\"173\" data-end=\"449\">Cr\u00e9\u00e9 exclusivement pour la p\u00e9riode des f\u00eates, le <strong data-start=\"222\" data-end=\"241\">Christmas Berry<\/strong> apporte toute la magie de No\u00ebl \u00e0 votre \u00e9quipement \u00e9questre. Avec son <strong data-start=\"311\" data-end=\"340\">rouge profond et lumineux<\/strong>, il reprend l\u2019\u00e9l\u00e9gance du motif embl\u00e9matique du TedBerry tout en y ajoutant une touche festive irr\u00e9sistible.<\/p>\n<p data-start=\"451\" data-end=\"720\">Son <strong data-start=\"455\" data-end=\"479\">matelassage brillant<\/strong> et son <strong data-start=\"487\" data-end=\"510\">n\u0153ud dor\u00e9 d\u00e9coratif<\/strong> offrent un style raffin\u00e9 et chaleureux, id\u00e9al pour c\u00e9l\u00e9brer la saison. La <strong data-start=\"585\" data-end=\"607\">bordure \u00e0 carreaux<\/strong>, inspir\u00e9e du style traditionnel, apporte un charme intemporel et un contraste \u00e9l\u00e9gant qui rend ce mod\u00e8le unique.<\/p>\n<p data-start=\"722\" data-end=\"894\">Pens\u00e9 pour le <strong data-start=\"736\" data-end=\"757\">confort du cheval<\/strong>, le Christmas Berry poss\u00e8de un capitonnage moelleux assurant un maintien agr\u00e9able pour toutes les s\u00e9ances d\u2019entra\u00eenement, m\u00eame en hiver.<\/p>\n<p data-start=\"896\" data-end=\"1040\">Un tapis pens\u00e9 pour les cavaliers qui veulent <strong data-start=\"942\" data-end=\"992\">allier esprit de f\u00eate, \u00e9l\u00e9gance et performance<\/strong>, parfait pour illuminer vos sorties hivernales.<\/p>\n<p data-start=\"530\" data-end=\"871\">\n","protected":false},"featured_media":14244,"comment_status":"open","ping_status":"closed","template":"","meta":[],"product_brand":[],"product_cat":[53,54],"product_tag":[],"class_list":{"0":"post-14231","1":"product","2":"type-product","3":"status-publish","4":"has-post-thumbnail","6":"product_cat-tapis-de-selle","7":"product_cat-tapis-de-selle-en-edition-limitee","9":"first","10":"instock","11":"taxable","12":"shipping-taxable","13":"purchasable","14":"product-type-simple"},"aioseo_notices":[],"_links":{"self":[{"href":"https:\/\/www.teddyhorsewear.com\/fr\/wp-json\/wp\/v2\/product\/14231","targetHints":{"allow":["GET"]}}],"collection":[{"href":"https:\/\/www.teddyhorsewear.com\/fr\/wp-json\/wp\/v2\/product"}],"about":[{"href":"https:\/\/www.teddyhorsewear.com\/fr\/wp-json\/wp\/v2\/types\/product"}],"replies":[{"embeddable":true,"href":"https:\/\/www.teddyhorsewear.com\/fr\/wp-json\/wp\/v2\/comments?post=14231"}],"wp:featuredmedia":[{"embeddable":true,"href":"https:\/\/www.teddyhorsewear.com\/fr\/wp-json\/wp\/v2\/media\/14244"}],"wp:attachment":[{"href":"https:\/\/www.teddyhorsewear.com\/fr\/wp-json\/wp\/v2\/media?parent=14231"}],"wp:term":[{"taxonomy":"product_brand","embeddable":true,"href":"https:\/\/www.teddyhorsewear.com\/fr\/wp-json\/wp\/v2\/product_brand?post=14231"},{"taxonomy":"product_cat","embeddable":true,"href":"https:\/\/www.teddyhorsewear.com\/fr\/wp-json\/wp\/v2\/product_cat?post=14231"},{"taxonomy":"product_tag","embeddable":true,"href":"https:\/\/www.teddyhorsewear.com\/fr\/wp-json\/wp\/v2\/product_tag?post=14231"}],"curies":[{"name":"wp","href":"https:\/\/api.w.org\/{rel}","templated":true}]}}